{"id":4321,"date":"2015-03-13T06:40:55","date_gmt":"2015-03-13T05:40:55","guid":{"rendered":"https:\/\/www.gesmatik.com\/fr\/inicio\/"},"modified":"2025-03-04T11:24:50","modified_gmt":"2025-03-04T10:24:50","slug":"inicio-4","status":"publish","type":"page","link":"https:\/\/www.gesmatik.com\/fr\/inicio-4\/","title":{"rendered":"Accueil"},"content":{"rendered":"<p>[section bgcolor=\u00a0\u00bb#ffffff\u00a0\u00bb parallax=\u00a0\u00bbfalse\u00a0\u00bb padding=\u00a0\u00bb40px 0 20px 0&Prime;]<\/p>\n<p>[one_half][responsive]<img loading=\"lazy\" decoding=\"async\" class=\"alignnone wp-image-4438 size-full\" src=\"http:\/\/www.gesmatik.com\/wp-content\/uploads\/2015\/03\/gesmatik-expendedora-circulos-fr.png\" width=\"500\" height=\"497\" srcset=\"https:\/\/www.gesmatik.com\/wp-content\/uploads\/2015\/03\/gesmatik-expendedora-circulos-fr.png 500w, https:\/\/www.gesmatik.com\/wp-content\/uploads\/2015\/03\/gesmatik-expendedora-circulos-fr-300x298.png 300w, https:\/\/www.gesmatik.com\/wp-content\/uploads\/2015\/03\/gesmatik-expendedora-circulos-fr-80x80.png 80w, https:\/\/www.gesmatik.com\/wp-content\/uploads\/2015\/03\/gesmatik-expendedora-circulos-fr-36x36.png 36w, https:\/\/www.gesmatik.com\/wp-content\/uploads\/2015\/03\/gesmatik-expendedora-circulos-fr-180x180.png 180w\" sizes=\"auto, (max-width: 500px) 100vw, 500px\" \/>[\/responsive][\/one_half] [one_half_last]<\/p>\n<h1>Distributeurs automatiques d&rsquo;\u00e9quipements de protection individuelle (EPI), d&rsquo;outils, de fournitures de bureau, de dispositifs m\u00e9dicaux\u2026<\/h1>\n<h2>GESMATIK contr\u00f4le la consommation et permet de savoir quand, qui et quels produits ont \u00e9t\u00e9 fournis.<\/h2>\n<p>[\/one_half_last]<\/p>\n<p>[\/section]<\/p>\n<p>[section bgcolor=\u00a0\u00bb#f9f9f9&Prime; padding=\u00a0\u00bb40px 0 40px 0&Prime; bgimage=\u00a0\u00bbhttp:\/\/gesmatik.vendingmodular.com\/wp-content\/uploads\/sites\/2\/2015\/04\/maquinas-gesmatik-fondo1.jpg\u00a0\u00bb parallax=\u00a0\u00bbtrue\u00a0\u00bb]<\/p>\n<p>[separator headline=\u00a0\u00bbh2&Prime; title=\u00a0\u00bb<strong>Distributeurs automatiques<\/strong> garantissant un contr\u00f4le total sur les produits fournis\u00a0\u00bb]<\/p>\n<p>[one_half]<\/p>\n<p>[list]<\/p>\n<p>[list_item icon=\u00a0\u00bbok\u00a0\u00bb] <strong>Syst\u00e8me configurable<\/strong><br \/>\nLes machines sont adapt\u00e9es aux besoins sp\u00e9cifiques de chaque client (type d&rsquo;articles, rotations, &#8230;).[\/list_item]<br \/>\n[list_item icon=\u00a0\u00bbok\u00a0\u00bb] <strong>\u00c9conomies de consommation<\/strong><br \/>\nLes distributeurs GESMATIK d\u00e9couragent les utilisateurs de l&rsquo;utilisation inappropri\u00e9e et incontr\u00f4l\u00e9e des consommables et restreint l&rsquo;acc\u00e8s aux utilisateurs non autoris\u00e9s.[\/list_item]<br \/>\n[list_item icon=\u00a0\u00bbok\u00a0\u00bb] <strong>Gestion de la consommation<\/strong><br \/>\nD\u00e9couvrez toutes les informations sur quand, par qui et quels produits ont \u00e9t\u00e9 fournis en un seul clic.[\/list_item]<br \/>\n[list_item icon=\u00a0\u00bbok\u00a0\u00bb] <strong>\u00c9conomies dans les processus<\/strong><br \/>\n\u00c9liminez le temps consacr\u00e9 \u00e0 des t\u00e2ches telles que la gestion des commandes, l&rsquo;inventaire, la livraison des consommables.[\/list_item]<\/p>\n<p>[\/list]<\/p>\n<p>[\/one_half] [one_half_last]<\/p>\n<p>[list]<\/p>\n<p>[list_item icon=\u00a0\u00bbok\u00a0\u00bb] <strong>\u00c9vitez les ruptures de stock<\/strong><br \/>\nLe fournisseur de consommables est connect\u00e9 en ligne \u00e0 la machine et sait \u00e0 tout moment quand il doit r\u00e9approvisionner le distributeur.[\/list_item]<br \/>\n[list_item icon=\u00a0\u00bbok\u00a0\u00bb] <strong>Acc\u00e8s aux produits 24h\/24 &#8211; 365 jours par an<\/strong><br \/>\nGESMATIK permet de s&rsquo;affranchir de l\u2019employ\u00e9 magasier, tout en certifiant la disponibilit\u00e9 des EPI conform\u00e9ment \u00e0 la loi sur la pr\u00e9vention des risques.[\/list_item]<br \/>\n[list_item icon=\u00a0\u00bbok\u00a0\u00bb] <strong>Distributeurs modulaires<\/strong><br \/>\nAjoutez un nombre illimit\u00e9 de machines contr\u00f4l\u00e9es par le m\u00eame logiciel.[\/list_item]<br \/>\n[list_item icon=\u00a0\u00bbok\u00a0\u00bb] <strong>Technologie con\u00e7ue pour \u00eatre utilis\u00e9e<\/strong><br \/>\nLes distributeurs automatiques GESMATIK offrent une polyvalence maximale, un temps de recharge minimum, une capacit\u00e9 maximale et z\u00e9ro produit coinc\u00e9.[\/list_item]<br \/>\n[\/list]<\/p>\n<p>[\/one_half_last]<\/p>\n<p>[\/section]<\/p>\n<p>[section bgcolor=\u00a0\u00bb#f9f9f9&Prime; padding=\u00a0\u00bb40px 0 40px 0&Prime; border=\u00a0\u00bb1px solid #ececec\u00a0\u00bb]<\/p>\n<p>[one_half]<\/p>\n<h2>Technologie sp\u00e9cifiquement d\u00e9velopp\u00e9e pour une utilisation dans la vente industrielle<\/h2>\n<p>[list]<br \/>\n[list_item icon=\u00a0\u00bbok\u00a0\u00bb] Syst\u00e8me brevet\u00e9.[\/list_item]<br \/>\n[list_item icon=\u00a0\u00bbok\u00a0\u00bb] Modulable et configurable selon les besoins de chaque client.[\/list_item]<br \/>\n[list_item icon=\u00a0\u00bbok\u00a0\u00bb] Nombreuses options d\u2019identification : Badge, empreinte digitale, code digital, etc\u2026[\/list_item]<br \/>\n[list_item icon=\u00a0\u00bbok\u00a0\u00bb] Nous nous adaptons aux syst\u00e8mes d\u2019identification de votre entreprise ou organisation.[\/list_item]<br \/>\n[list_item icon=\u00a0\u00bbok\u00a0\u00bb] Temps de r\u00e9approvisionnement minimum.[\/list_item]<br \/>\n[list_item icon=\u00a0\u00bbok\u00a0\u00bb] Aucun bourrage ni s\u00e9lections coinc\u00e9e.[\/list_item]<br \/>\n[list_item icon=\u00a0\u00bbok\u00a0\u00bb] Logiciel web accessible depuis n&rsquo;importe quel ordinateur ou appareil mobile.[\/list_item]<br \/>\n[list_item icon=\u00a0\u00bbok\u00a0\u00bb] Possibilit\u00e9 d&rsquo;int\u00e9gration avec votre ERP ou syst\u00e8me informatique.[\/list_item]<br \/>\n[\/list]<\/p>\n<p>[\/one_half] [one_half_last][gap height=\u00a0\u00bb120&Prime;][embedvideo type=\u00a0\u00bbyoutube\u00a0\u00bb id=\u00a0\u00bbHtlJib-BSs8&Prime;][\/one_half_last]<\/p>\n<p>[\/section]<\/p>\n<p>&nbsp;<\/p>\n<p>[section bgcolor=\u00a0\u00bb#ffffff\u00a0\u00bb padding=\u00a0\u00bb50px 0 50px 0&Prime; parallax=\u00a0\u00bbfalse\u00a0\u00bb ]<\/p>\n<p>[portfolio projects=\u00a0\u00bb6&Prime; title=\u00a0\u00bbPROJECTS R\u00c9ALIS\u00c9S\u00a0\u00bb show_title=\u00a0\u00bbyes\u00a0\u00bb columns=\u00a0\u00bb3&Prime; filters=\u00a0\u00bball\u00a0\u00bb]<\/p>\n<p>[\/section]<\/p>\n<p>[section bgcolor=\u00a0\u00bb#f9f9f9&Prime; padding=\u00a0\u00bb50px 0 50px 0&Prime; border=\u00a0\u00bb1px solid #ececec\u00a0\u00bb]<\/p>\n<p>[one_half]<\/p>\n<h2>Comment \u00e7a marche?<\/h2>\n<h3>Cette vid\u00e9o vous montre le fonctionnement<\/h3>\n<p>[\/one_half]<\/p>\n<p>[one_half_last][embedvideo type=\u00a0\u00bbyoutube\u00a0\u00bb id=\u00a0\u00bbGSTK2tp_RPA\u00a0\u00bb][\/one_half_last]<\/p>\n<p>[\/section]<\/p>\n<p>[section bgcolor=\u00a0\u00bb#51a026&Prime; padding=\u00a0\u00bb50px 0 40px 0&Prime;]<\/p>\n<h2 style=\"text-align: center;\">AVEZ-VOUS BESOIN DE PLUS D&rsquo;INFORMATIONS?<\/h2>\n<div style=\"text-align: center;\">[button link=\u00a0\u00bb\/contact\u00a0\u00bb size=\u00a0\u00bblarge\u00a0\u00bb target=\u00a0\u00bb_self\u00a0\u00bb color=\u00a0\u00bbwhite\u00a0\u00bb lightbox=\u00a0\u00bbfalse\u00a0\u00bb]Contactez-nous[\/button]<\/div>\n<p>[\/section]<\/p>\n","protected":false},"excerpt":{"rendered":"<p>[section bgcolor=\u00a0\u00bb#ffffff\u00a0\u00bb parallax=\u00a0\u00bbfalse\u00a0\u00bb padding=\u00a0\u00bb40px 0 20px 0&Prime;] [one_half][responsive][\/responsive][\/one_half] [one_half_last] Distributeurs automatiques d&rsquo;\u00e9quipements de protection individuelle (EPI), d&rsquo;outils, de fournitures de bureau, de dispositifs m\u00e9dicaux\u2026 GESMATIK contr\u00f4le la consommation et permet de savoir quand, qui et quels produits ont \u00e9t\u00e9 fournis. [\/one_half_last] [\/section] [section bgcolor=\u00a0\u00bb#f9f9f9&Prime; padding=\u00a0\u00bb40px 0 40px 0&Prime; bgimage=\u00a0\u00bbhttp:\/\/gesmatik.vendingmodular.com\/wp-content\/uploads\/sites\/2\/2015\/04\/maquinas-gesmatik-fondo1.jpg\u00a0\u00bb parallax=\u00a0\u00bbtrue\u00a0\u00bb] [separator headline=\u00a0\u00bbh2&Prime; title=\u00a0\u00bbDistributeurs automatiques garantissant [&hellip;]<\/p>\n","protected":false},"author":2,"featured_media":0,"parent":0,"menu_order":0,"comment_status":"closed","ping_status":"closed","template":"","meta":{"footnotes":""},"class_list":["post-4321","page","type-page","status-publish","hentry"],"yoast_head":"<!-- This site is optimized with the Yoast SEO plugin v27.3 - https:\/\/yoast.com\/product\/yoast-seo-wordpress\/ -->\n<title>Accueil - Gesmatik<\/title>\n<meta name=\"description\" content=\"Distributeurs automatiques d&#039;\u00e9quipements de protection individuelle (EPI), d&#039;outils, de fournitures de bureau, de dispositifs m\u00e9dicaux\u2026\" \/>\n<meta name=\"robots\" content=\"index, follow, max-snippet:-1, max-image-preview:large, max-video-preview:-1\" \/>\n<link rel=\"canonical\" href=\"https:\/\/www.gesmatik.com\/fr\/inicio-4\/\" \/>\n<meta property=\"og:locale\" content=\"fr_FR\" \/>\n<meta property=\"og:type\" content=\"article\" \/>\n<meta property=\"og:title\" content=\"Accueil - Gesmatik\" \/>\n<meta property=\"og:description\" content=\"Distributeurs automatiques d&#039;\u00e9quipements de protection individuelle (EPI), d&#039;outils, de fournitures de bureau, de dispositifs m\u00e9dicaux\u2026\" \/>\n<meta property=\"og:url\" content=\"https:\/\/www.gesmatik.com\/fr\/inicio-4\/\" \/>\n<meta property=\"og:site_name\" content=\"Gesmatik\" \/>\n<meta property=\"article:modified_time\" content=\"2025-03-04T10:24:50+00:00\" \/>\n<meta property=\"og:image\" content=\"https:\/\/www.gesmatik.com\/wp-content\/uploads\/2015\/03\/gesmatik-expendedora-circulos-fr.png\" \/>\n\t<meta property=\"og:image:width\" content=\"500\" \/>\n\t<meta property=\"og:image:height\" content=\"497\" \/>\n\t<meta property=\"og:image:type\" content=\"image\/png\" \/>\n<meta name=\"twitter:card\" content=\"summary_large_image\" \/>\n<meta name=\"twitter:label1\" content=\"Dur\u00e9e de lecture estim\u00e9e\" \/>\n\t<meta name=\"twitter:data1\" content=\"3 minutes\" \/>\n<script type=\"application\/ld+json\" class=\"yoast-schema-graph\">{\"@context\":\"https:\\\/\\\/schema.org\",\"@graph\":[{\"@type\":\"WebPage\",\"@id\":\"https:\\\/\\\/www.gesmatik.com\\\/fr\\\/inicio-4\\\/\",\"url\":\"https:\\\/\\\/www.gesmatik.com\\\/fr\\\/inicio-4\\\/\",\"name\":\"Accueil - Gesmatik\",\"isPartOf\":{\"@id\":\"https:\\\/\\\/www.gesmatik.com\\\/#website\"},\"primaryImageOfPage\":{\"@id\":\"https:\\\/\\\/www.gesmatik.com\\\/fr\\\/inicio-4\\\/#primaryimage\"},\"image\":{\"@id\":\"https:\\\/\\\/www.gesmatik.com\\\/fr\\\/inicio-4\\\/#primaryimage\"},\"thumbnailUrl\":\"http:\\\/\\\/www.gesmatik.com\\\/wp-content\\\/uploads\\\/2015\\\/03\\\/gesmatik-expendedora-circulos-fr.png\",\"datePublished\":\"2015-03-13T05:40:55+00:00\",\"dateModified\":\"2025-03-04T10:24:50+00:00\",\"description\":\"Distributeurs automatiques d'\u00e9quipements de protection individuelle (EPI), d'outils, de fournitures de bureau, de dispositifs m\u00e9dicaux\u2026\",\"breadcrumb\":{\"@id\":\"https:\\\/\\\/www.gesmatik.com\\\/fr\\\/inicio-4\\\/#breadcrumb\"},\"inLanguage\":\"fr-FR\",\"potentialAction\":[{\"@type\":\"ReadAction\",\"target\":[\"https:\\\/\\\/www.gesmatik.com\\\/fr\\\/inicio-4\\\/\"]}]},{\"@type\":\"ImageObject\",\"inLanguage\":\"fr-FR\",\"@id\":\"https:\\\/\\\/www.gesmatik.com\\\/fr\\\/inicio-4\\\/#primaryimage\",\"url\":\"http:\\\/\\\/www.gesmatik.com\\\/wp-content\\\/uploads\\\/2015\\\/03\\\/gesmatik-expendedora-circulos-fr.png\",\"contentUrl\":\"http:\\\/\\\/www.gesmatik.com\\\/wp-content\\\/uploads\\\/2015\\\/03\\\/gesmatik-expendedora-circulos-fr.png\"},{\"@type\":\"BreadcrumbList\",\"@id\":\"https:\\\/\\\/www.gesmatik.com\\\/fr\\\/inicio-4\\\/#breadcrumb\",\"itemListElement\":[{\"@type\":\"ListItem\",\"position\":1,\"name\":\"Portada\",\"item\":\"https:\\\/\\\/www.gesmatik.com\\\/fr\\\/\"},{\"@type\":\"ListItem\",\"position\":2,\"name\":\"Accueil\"}]},{\"@type\":\"WebSite\",\"@id\":\"https:\\\/\\\/www.gesmatik.com\\\/#website\",\"url\":\"https:\\\/\\\/www.gesmatik.com\\\/\",\"name\":\"Gesmatik\",\"description\":\"Gesti\u00f3n y control automatizado\",\"publisher\":{\"@id\":\"https:\\\/\\\/www.gesmatik.com\\\/#organization\"},\"potentialAction\":[{\"@type\":\"SearchAction\",\"target\":{\"@type\":\"EntryPoint\",\"urlTemplate\":\"https:\\\/\\\/www.gesmatik.com\\\/?s={search_term_string}\"},\"query-input\":{\"@type\":\"PropertyValueSpecification\",\"valueRequired\":true,\"valueName\":\"search_term_string\"}}],\"inLanguage\":\"fr-FR\"},{\"@type\":\"Organization\",\"@id\":\"https:\\\/\\\/www.gesmatik.com\\\/#organization\",\"name\":\"Gesmatik\",\"url\":\"https:\\\/\\\/www.gesmatik.com\\\/\",\"logo\":{\"@type\":\"ImageObject\",\"inLanguage\":\"fr-FR\",\"@id\":\"https:\\\/\\\/www.gesmatik.com\\\/#\\\/schema\\\/logo\\\/image\\\/\",\"url\":\"https:\\\/\\\/www.gesmatik.com\\\/wp-content\\\/uploads\\\/2020\\\/11\\\/gesmatik-logo.png\",\"contentUrl\":\"https:\\\/\\\/www.gesmatik.com\\\/wp-content\\\/uploads\\\/2020\\\/11\\\/gesmatik-logo.png\",\"width\":240,\"height\":42,\"caption\":\"Gesmatik\"},\"image\":{\"@id\":\"https:\\\/\\\/www.gesmatik.com\\\/#\\\/schema\\\/logo\\\/image\\\/\"}}]}<\/script>\n<!-- \/ Yoast SEO plugin. -->","yoast_head_json":{"title":"Accueil - Gesmatik","description":"Distributeurs automatiques d'\u00e9quipements de protection individuelle (EPI), d'outils, de fournitures de bureau, de dispositifs m\u00e9dicaux\u2026","robots":{"index":"index","follow":"follow","max-snippet":"max-snippet:-1","max-image-preview":"max-image-preview:large","max-video-preview":"max-video-preview:-1"},"canonical":"https:\/\/www.gesmatik.com\/fr\/inicio-4\/","og_locale":"fr_FR","og_type":"article","og_title":"Accueil - Gesmatik","og_description":"Distributeurs automatiques d'\u00e9quipements de protection individuelle (EPI), d'outils, de fournitures de bureau, de dispositifs m\u00e9dicaux\u2026","og_url":"https:\/\/www.gesmatik.com\/fr\/inicio-4\/","og_site_name":"Gesmatik","article_modified_time":"2025-03-04T10:24:50+00:00","og_image":[{"width":500,"height":497,"url":"https:\/\/www.gesmatik.com\/wp-content\/uploads\/2015\/03\/gesmatik-expendedora-circulos-fr.png","type":"image\/png"}],"twitter_card":"summary_large_image","twitter_misc":{"Dur\u00e9e de lecture estim\u00e9e":"3 minutes"},"schema":{"@context":"https:\/\/schema.org","@graph":[{"@type":"WebPage","@id":"https:\/\/www.gesmatik.com\/fr\/inicio-4\/","url":"https:\/\/www.gesmatik.com\/fr\/inicio-4\/","name":"Accueil - Gesmatik","isPartOf":{"@id":"https:\/\/www.gesmatik.com\/#website"},"primaryImageOfPage":{"@id":"https:\/\/www.gesmatik.com\/fr\/inicio-4\/#primaryimage"},"image":{"@id":"https:\/\/www.gesmatik.com\/fr\/inicio-4\/#primaryimage"},"thumbnailUrl":"http:\/\/www.gesmatik.com\/wp-content\/uploads\/2015\/03\/gesmatik-expendedora-circulos-fr.png","datePublished":"2015-03-13T05:40:55+00:00","dateModified":"2025-03-04T10:24:50+00:00","description":"Distributeurs automatiques d'\u00e9quipements de protection individuelle (EPI), d'outils, de fournitures de bureau, de dispositifs m\u00e9dicaux\u2026","breadcrumb":{"@id":"https:\/\/www.gesmatik.com\/fr\/inicio-4\/#breadcrumb"},"inLanguage":"fr-FR","potentialAction":[{"@type":"ReadAction","target":["https:\/\/www.gesmatik.com\/fr\/inicio-4\/"]}]},{"@type":"ImageObject","inLanguage":"fr-FR","@id":"https:\/\/www.gesmatik.com\/fr\/inicio-4\/#primaryimage","url":"http:\/\/www.gesmatik.com\/wp-content\/uploads\/2015\/03\/gesmatik-expendedora-circulos-fr.png","contentUrl":"http:\/\/www.gesmatik.com\/wp-content\/uploads\/2015\/03\/gesmatik-expendedora-circulos-fr.png"},{"@type":"BreadcrumbList","@id":"https:\/\/www.gesmatik.com\/fr\/inicio-4\/#breadcrumb","itemListElement":[{"@type":"ListItem","position":1,"name":"Portada","item":"https:\/\/www.gesmatik.com\/fr\/"},{"@type":"ListItem","position":2,"name":"Accueil"}]},{"@type":"WebSite","@id":"https:\/\/www.gesmatik.com\/#website","url":"https:\/\/www.gesmatik.com\/","name":"Gesmatik","description":"Gesti\u00f3n y control automatizado","publisher":{"@id":"https:\/\/www.gesmatik.com\/#organization"},"potentialAction":[{"@type":"SearchAction","target":{"@type":"EntryPoint","urlTemplate":"https:\/\/www.gesmatik.com\/?s={search_term_string}"},"query-input":{"@type":"PropertyValueSpecification","valueRequired":true,"valueName":"search_term_string"}}],"inLanguage":"fr-FR"},{"@type":"Organization","@id":"https:\/\/www.gesmatik.com\/#organization","name":"Gesmatik","url":"https:\/\/www.gesmatik.com\/","logo":{"@type":"ImageObject","inLanguage":"fr-FR","@id":"https:\/\/www.gesmatik.com\/#\/schema\/logo\/image\/","url":"https:\/\/www.gesmatik.com\/wp-content\/uploads\/2020\/11\/gesmatik-logo.png","contentUrl":"https:\/\/www.gesmatik.com\/wp-content\/uploads\/2020\/11\/gesmatik-logo.png","width":240,"height":42,"caption":"Gesmatik"},"image":{"@id":"https:\/\/www.gesmatik.com\/#\/schema\/logo\/image\/"}}]}},"_links":{"self":[{"href":"https:\/\/www.gesmatik.com\/fr\/wp-json\/wp\/v2\/pages\/4321","targetHints":{"allow":["GET"]}}],"collection":[{"href":"https:\/\/www.gesmatik.com\/fr\/wp-json\/wp\/v2\/pages"}],"about":[{"href":"https:\/\/www.gesmatik.com\/fr\/wp-json\/wp\/v2\/types\/page"}],"author":[{"embeddable":true,"href":"https:\/\/www.gesmatik.com\/fr\/wp-json\/wp\/v2\/users\/2"}],"replies":[{"embeddable":true,"href":"https:\/\/www.gesmatik.com\/fr\/wp-json\/wp\/v2\/comments?post=4321"}],"version-history":[{"count":3,"href":"https:\/\/www.gesmatik.com\/fr\/wp-json\/wp\/v2\/pages\/4321\/revisions"}],"predecessor-version":[{"id":246134,"href":"https:\/\/www.gesmatik.com\/fr\/wp-json\/wp\/v2\/pages\/4321\/revisions\/246134"}],"wp:attachment":[{"href":"https:\/\/www.gesmatik.com\/fr\/wp-json\/wp\/v2\/media?parent=4321"}],"curies":[{"name":"wp","href":"https:\/\/api.w.org\/{rel}","templated":true}]}}