{"id":246087,"date":"2025-02-28T14:03:17","date_gmt":"2025-02-28T13:03:17","guid":{"rendered":"https:\/\/www.gesmatik.com\/catalogue\/robot-de-distribution-textile-krabbix\/"},"modified":"2025-03-04T11:09:01","modified_gmt":"2025-03-04T10:09:01","slug":"robot-de-distribution-textile-krabbix","status":"publish","type":"page","link":"https:\/\/www.gesmatik.com\/fr\/catalogue-gesmatik\/robot-de-distribution-textile-krabbix\/","title":{"rendered":"Robot de distribution textile KRABBIX"},"content":{"rendered":"\n<style type=\"text\/css\" data-created_by=\"avia_inline_auto\" id=\"style-css-av-lo2na2cr-008beb176f37bdc460cebc2045767fce\">\n.avia-section.av-lo2na2cr-008beb176f37bdc460cebc2045767fce{\nbackground-color:#2cc84e;\nbackground-image:url(https:\/\/www.gesmatik.com\/wp-content\/uploads\/2020\/12\/fondo-cuadros-2-2.png);\nbackground-repeat:no-repeat;\nbackground-position:0% 0%;\nbackground-attachment:scroll;\n}\n<\/style>\n<div id='av_section_1'  class='avia-section av-lo2na2cr-008beb176f37bdc460cebc2045767fce main_color avia-section-default avia-no-border-styling  avia-builder-el-0  el_before_av_textblock  avia-builder-el-first  avia-bg-style-scroll container_wrap sidebar_right'  data-section-bg-repeat='no-repeat'><div class='container av-section-cont-open' ><main  role=\"main\" itemprop=\"mainContentOfPage\"  class='template-page content  av-content-small alpha units'><div class='post-entry post-entry-type-page post-entry-246087'><div class='entry-content-wrapper clearfix'>\n\n<style type=\"text\/css\" data-created_by=\"avia_inline_auto\" id=\"style-css-av-lo2naku0-2ef75aa1df175d29e100405cc1bbe05e\">\n#top .av-special-heading.av-lo2naku0-2ef75aa1df175d29e100405cc1bbe05e{\npadding-bottom:10px;\n}\nbody .av-special-heading.av-lo2naku0-2ef75aa1df175d29e100405cc1bbe05e .av-special-heading-tag .heading-char{\nfont-size:25px;\n}\n.av-special-heading.av-lo2naku0-2ef75aa1df175d29e100405cc1bbe05e .av-subheading{\nfont-size:15px;\n}\n<\/style>\n<div  class='av-special-heading av-lo2naku0-2ef75aa1df175d29e100405cc1bbe05e av-special-heading-h1 blockquote modern-quote modern-centered  avia-builder-el-1  avia-builder-el-no-sibling '><h1 class='av-special-heading-tag '  itemprop=\"headline\"  >Robot de distribution textile KRABBIX<\/h1><div class=\"special-heading-border\"><div class=\"special-heading-inner-border\"><\/div><\/div><\/div>\n<\/div><\/div><\/main><!-- close content main element --><\/div><\/div><div id='after_section_1'  class='main_color av_default_container_wrap container_wrap sidebar_right'  ><div class='container av-section-cont-open' ><div class='template-page content  av-content-small alpha units'><div class='post-entry post-entry-type-page post-entry-246087'><div class='entry-content-wrapper clearfix'>\n<section  class='av_textblock_section av-lyr6w9a3-c9c413d54bfa0c3d77961ba3d21709c1 '   itemscope=\"itemscope\" itemtype=\"https:\/\/schema.org\/CreativeWork\" ><div class='avia_textblock'  itemprop=\"text\" ><p style=\"text-align: center;\">Le robot de distribution Krabbix est sp\u00e9cialement con\u00e7u pour la distribution automatique de textiles en sac, tels que les pyjamas chirurgicaux ou les v\u00eatements de travail. Ce distributeur automatique utilise une solution robotis\u00e9e brevet\u00e9e pour la livraison des articles, garantissant l\u2019hygi\u00e8ne, l\u2019ordre et le contr\u00f4le. Le remplacement des produits s\u2019effectue massivement et sans n\u00e9cessit\u00e9 de manipulation pr\u00e9alable, ce qui permet d\u2019obtenir des \u00e9conomies significatives de temps et de co\u00fbts d\u2019exploitation.<\/p>\n<\/div><\/section>\n<div  class='flex_column av-ggy3g6b-68219ce7455436edc51f5edf5bec0d37 av_one_third  avia-builder-el-3  el_after_av_textblock  el_before_av_one_third  first flex_column_div  column-top-margin'     ><style type=\"text\/css\" data-created_by=\"avia_inline_auto\" id=\"style-css-av-lo2oaps8-9f74a68d757cc1dcc401b215eaf6392b\">\n.avia-image-container.av-lo2oaps8-9f74a68d757cc1dcc401b215eaf6392b img.avia_image{\nbox-shadow:none;\n}\n.avia-image-container.av-lo2oaps8-9f74a68d757cc1dcc401b215eaf6392b .av-image-caption-overlay-center{\ncolor:#ffffff;\n}\n<\/style>\n<div  class='avia-image-container av-lo2oaps8-9f74a68d757cc1dcc401b215eaf6392b av-styling- avia-align-center  avia-builder-el-4  avia-builder-el-no-sibling  imagen_productos_catalogo'   itemprop=\"image\" itemscope=\"itemscope\" itemtype=\"https:\/\/schema.org\/ImageObject\" ><div class=\"avia-image-container-inner\"><div class=\"avia-image-overlay-wrap\"><img decoding=\"async\" fetchpriority=\"high\" class='wp-image-244576 avia-img-lazy-loading-not-244576 avia_image ' src=\"https:\/\/www.gesmatik.com\/wp-content\/uploads\/2024\/02\/Dispensador-textiles-KrabbixSimple-izda.png\" alt='Robot dispensador de textiles KRABBIX para pijamas quir\u00fargicos' title='Dispensador-textiles-KrabbixSimple-izda'  height=\"555\" width=\"415\"  itemprop=\"thumbnailUrl\" srcset=\"https:\/\/www.gesmatik.com\/wp-content\/uploads\/2024\/02\/Dispensador-textiles-KrabbixSimple-izda.png 415w, https:\/\/www.gesmatik.com\/wp-content\/uploads\/2024\/02\/Dispensador-textiles-KrabbixSimple-izda-224x300.png 224w\" sizes=\"(max-width: 415px) 100vw, 415px\" \/><\/div><\/div><\/div><\/div>\n<div  class='flex_column av-b0qkr6r-e27cb5a1ef747166c07070a355198c99 av_one_third  avia-builder-el-5  el_after_av_one_third  el_before_av_one_third  flex_column_div  column-top-margin'     ><style type=\"text\/css\" data-created_by=\"avia_inline_auto\" id=\"style-css-av-lo2oazgh-84b62f71f378bdc1de4020884e345af8\">\n.avia-image-container.av-lo2oazgh-84b62f71f378bdc1de4020884e345af8 img.avia_image{\nbox-shadow:none;\n}\n.avia-image-container.av-lo2oazgh-84b62f71f378bdc1de4020884e345af8 .av-image-caption-overlay-center{\ncolor:#ffffff;\n}\n<\/style>\n<div  class='avia-image-container av-lo2oazgh-84b62f71f378bdc1de4020884e345af8 av-styling- avia-align-center  avia-builder-el-6  avia-builder-el-no-sibling  imagen_productos_catalogo'   itemprop=\"image\" itemscope=\"itemscope\" itemtype=\"https:\/\/schema.org\/ImageObject\" ><div class=\"avia-image-container-inner\"><div class=\"avia-image-overlay-wrap\"><img decoding=\"async\" fetchpriority=\"high\" class='wp-image-244580 avia-img-lazy-loading-not-244580 avia_image ' src=\"https:\/\/www.gesmatik.com\/wp-content\/uploads\/2024\/02\/Dispensador-textiles-KrabbixSimple.png\" alt='Robot dispensador de textiles KRABBIX' title='Dispensador-textiles-KrabbixSimple'  height=\"555\" width=\"369\"  itemprop=\"thumbnailUrl\" srcset=\"https:\/\/www.gesmatik.com\/wp-content\/uploads\/2024\/02\/Dispensador-textiles-KrabbixSimple.png 369w, https:\/\/www.gesmatik.com\/wp-content\/uploads\/2024\/02\/Dispensador-textiles-KrabbixSimple-199x300.png 199w\" sizes=\"(max-width: 369px) 100vw, 369px\" \/><\/div><\/div><\/div><\/div>\n<div  class='flex_column av-543umhv-2db9c8fa7e4b33ee50f074afd74c1109 av_one_third  avia-builder-el-7  el_after_av_one_third  el_before_av_one_full  flex_column_div  column-top-margin'     ><style type=\"text\/css\" data-created_by=\"avia_inline_auto\" id=\"style-css-av-lo2oba0e-fc7909171f63e28de32c846d3a0dfac5\">\n.avia-image-container.av-lo2oba0e-fc7909171f63e28de32c846d3a0dfac5 img.avia_image{\nbox-shadow:none;\n}\n.avia-image-container.av-lo2oba0e-fc7909171f63e28de32c846d3a0dfac5 .av-image-caption-overlay-center{\ncolor:#ffffff;\n}\n<\/style>\n<div  class='avia-image-container av-lo2oba0e-fc7909171f63e28de32c846d3a0dfac5 av-styling- avia-align-center  avia-builder-el-8  avia-builder-el-no-sibling  imagen_productos_catalogo'   itemprop=\"image\" itemscope=\"itemscope\" itemtype=\"https:\/\/schema.org\/ImageObject\" ><div class=\"avia-image-container-inner\"><div class=\"avia-image-overlay-wrap\"><img decoding=\"async\" fetchpriority=\"high\" class='wp-image-244572 avia-img-lazy-loading-not-244572 avia_image ' src=\"https:\/\/www.gesmatik.com\/wp-content\/uploads\/2024\/02\/Dispensador-textiles-KrabbixSimple-dcha.png\" alt='Robot dispensador de textiles KRABBIX de Gesmatik' title='Dispensador-textiles-KrabbixSimple-dcha'  height=\"555\" width=\"382\"  itemprop=\"thumbnailUrl\" srcset=\"https:\/\/www.gesmatik.com\/wp-content\/uploads\/2024\/02\/Dispensador-textiles-KrabbixSimple-dcha.png 382w, https:\/\/www.gesmatik.com\/wp-content\/uploads\/2024\/02\/Dispensador-textiles-KrabbixSimple-dcha-206x300.png 206w\" sizes=\"(max-width: 382px) 100vw, 382px\" \/><\/div><\/div><\/div><\/div>\n<div  class='flex_column av-7xgwd5v-b90fac157735961c68021577cafe3d4f av_one_full  avia-builder-el-9  el_after_av_one_third  el_before_av_textblock  first flex_column_div  column-top-margin'     ><div  class='avia-button-wrap av-lo2oftmn-e417389a264cce9ce0eb80411587cfcc-wrap avia-button-center  avia-builder-el-10  avia-builder-el-no-sibling '>\n<style type=\"text\/css\" data-created_by=\"avia_inline_auto\" id=\"style-css-av-lo2oftmn-e417389a264cce9ce0eb80411587cfcc\">\n#top #wrap_all .avia-button.av-lo2oftmn-e417389a264cce9ce0eb80411587cfcc{\nfont-size:24px;\ntransition:all 0.4s ease-in-out;\nmargin:0 0 5% 0;\n}\n#top #wrap_all .avia-button.av-lo2oftmn-e417389a264cce9ce0eb80411587cfcc:hover{\ncolor:white;\ntransition:all 0.4s ease-in-out;\n}\n#top #wrap_all .avia-button.av-lo2oftmn-e417389a264cce9ce0eb80411587cfcc:hover .avia-svg-icon svg:first-child{\nfill:white;\nstroke:white;\n}\n<\/style>\n<a href='\/wp-content\/uploads\/2025\/02\/GESMATIK-next_Ficha-de-producto-KRABBIX_FR.pdf'  class='avia-button av-lo2oftmn-e417389a264cce9ce0eb80411587cfcc av-link-btn avia-icon_select-yes-left-icon avia-size-large avia-position-center avia-color-theme-color avia-font-color-theme-color'  target=\"_blank\"  rel=\"noopener noreferrer\"  aria-label=\"T\u00e9l\u00e9charger la fiche produit\"><span class='avia_button_icon avia_button_icon_left avia-iconfont avia-font-entypo-fontello' data-av_icon='\ue82d' data-av_iconfont='entypo-fontello' ><\/span><span class='avia_iconbox_title' >T\u00e9l\u00e9charger la fiche produit<\/span><span class='avia_button_background avia-button avia-color-theme-color-highlight' ><\/span><\/a><\/div><\/div><section  class='av_textblock_section av-lyr6wndm-ee9c04e68c3a01a93dbbd1598895fcef '   itemscope=\"itemscope\" itemtype=\"https:\/\/schema.org\/CreativeWork\" ><div class='avia_textblock'  itemprop=\"text\" ><p style=\"text-align: center;\">Le module de commande GESMATIK permet l\u2019identification de l\u2019utilisateur via une carte RFID ou un clavier num\u00e9rique, et se connecte au logiciel GESMATIK pour une gestion compl\u00e8te des utilisateurs et des produits. Ce syst\u00e8me permet la g\u00e9n\u00e9ration de rapports, la mise en place de restrictions d\u2019acc\u00e8s des utilisateurs et la d\u00e9finition de limites d\u2019extraction de produits.<\/p>\n<p style=\"text-align: center;\">Sa mise en \u0153uvre est simple et rapide gr\u00e2ce \u00e0 la technologie plug&amp;play. De plus, il s\u2019agit d\u2019un syst\u00e8me autonome qui est connect\u00e9 par carte SIM, sans qu\u2019il soit n\u00e9cessaire de se connecter au r\u00e9seau de, par exemple, l\u2019h\u00f4pital, ce qui facilite sa mise en \u0153uvre dans divers environnements, tels que le secteur de la sant\u00e9 ou l\u2019industrie alimentaire.<\/p>\n<\/div><\/section><\/p>\n","protected":false},"excerpt":{"rendered":"","protected":false},"author":1,"featured_media":0,"parent":244050,"menu_order":0,"comment_status":"closed","ping_status":"closed","template":"","meta":{"footnotes":""},"class_list":["post-246087","page","type-page","status-publish","hentry"],"yoast_head":"<!-- This site is optimized with the Yoast SEO plugin v27.3 - https:\/\/yoast.com\/product\/yoast-seo-wordpress\/ -->\n<title>KRABBIX textile dispensation robot - Gesmatik<\/title>\n<meta name=\"description\" content=\"Robot distributeur KRABBIX de textiles en sacs, tels que des pyjamas chirurgicaux ou des v\u00eatements de travail, adapt\u00e9s au secteur de la sant\u00e9.\" \/>\n<meta name=\"robots\" content=\"index, follow, max-snippet:-1, max-image-preview:large, max-video-preview:-1\" \/>\n<link rel=\"canonical\" href=\"https:\/\/www.gesmatik.com\/fr\/catalogue-gesmatik\/robot-de-distribution-textile-krabbix\/\" \/>\n<meta property=\"og:locale\" content=\"fr_FR\" \/>\n<meta property=\"og:type\" content=\"article\" \/>\n<meta property=\"og:title\" content=\"KRABBIX textile dispensation robot - Gesmatik\" \/>\n<meta property=\"og:description\" content=\"Robot distributeur KRABBIX de textiles en sacs, tels que des pyjamas chirurgicaux ou des v\u00eatements de travail, adapt\u00e9s au secteur de la sant\u00e9.\" \/>\n<meta property=\"og:url\" content=\"https:\/\/www.gesmatik.com\/fr\/catalogue-gesmatik\/robot-de-distribution-textile-krabbix\/\" \/>\n<meta property=\"og:site_name\" content=\"Gesmatik\" \/>\n<meta property=\"article:modified_time\" content=\"2025-03-04T10:09:01+00:00\" \/>\n<meta name=\"twitter:card\" content=\"summary_large_image\" \/>\n<meta name=\"twitter:label1\" content=\"Dur\u00e9e de lecture estim\u00e9e\" \/>\n\t<meta name=\"twitter:data1\" content=\"2 minutes\" \/>\n<script type=\"application\/ld+json\" class=\"yoast-schema-graph\">{\"@context\":\"https:\\\/\\\/schema.org\",\"@graph\":[{\"@type\":\"WebPage\",\"@id\":\"https:\\\/\\\/www.gesmatik.com\\\/fr\\\/catalogue-gesmatik\\\/robot-de-distribution-textile-krabbix\\\/\",\"url\":\"https:\\\/\\\/www.gesmatik.com\\\/fr\\\/catalogue-gesmatik\\\/robot-de-distribution-textile-krabbix\\\/\",\"name\":\"KRABBIX textile dispensation robot - Gesmatik\",\"isPartOf\":{\"@id\":\"https:\\\/\\\/www.gesmatik.com\\\/#website\"},\"datePublished\":\"2025-02-28T13:03:17+00:00\",\"dateModified\":\"2025-03-04T10:09:01+00:00\",\"description\":\"Robot distributeur KRABBIX de textiles en sacs, tels que des pyjamas chirurgicaux ou des v\u00eatements de travail, adapt\u00e9s au secteur de la sant\u00e9.\",\"breadcrumb\":{\"@id\":\"https:\\\/\\\/www.gesmatik.com\\\/fr\\\/catalogue-gesmatik\\\/robot-de-distribution-textile-krabbix\\\/#breadcrumb\"},\"inLanguage\":\"fr-FR\",\"potentialAction\":[{\"@type\":\"ReadAction\",\"target\":[\"https:\\\/\\\/www.gesmatik.com\\\/fr\\\/catalogue-gesmatik\\\/robot-de-distribution-textile-krabbix\\\/\"]}]},{\"@type\":\"BreadcrumbList\",\"@id\":\"https:\\\/\\\/www.gesmatik.com\\\/fr\\\/catalogue-gesmatik\\\/robot-de-distribution-textile-krabbix\\\/#breadcrumb\",\"itemListElement\":[{\"@type\":\"ListItem\",\"position\":1,\"name\":\"Portada\",\"item\":\"https:\\\/\\\/www.gesmatik.com\\\/fr\\\/\"},{\"@type\":\"ListItem\",\"position\":2,\"name\":\"Catalogue\",\"item\":\"https:\\\/\\\/www.gesmatik.com\\\/fr\\\/catalogue-gesmatik\\\/\"},{\"@type\":\"ListItem\",\"position\":3,\"name\":\"Robot de distribution textile KRABBIX\"}]},{\"@type\":\"WebSite\",\"@id\":\"https:\\\/\\\/www.gesmatik.com\\\/#website\",\"url\":\"https:\\\/\\\/www.gesmatik.com\\\/\",\"name\":\"Gesmatik\",\"description\":\"Gesti\u00f3n y control automatizado\",\"publisher\":{\"@id\":\"https:\\\/\\\/www.gesmatik.com\\\/#organization\"},\"potentialAction\":[{\"@type\":\"SearchAction\",\"target\":{\"@type\":\"EntryPoint\",\"urlTemplate\":\"https:\\\/\\\/www.gesmatik.com\\\/?s={search_term_string}\"},\"query-input\":{\"@type\":\"PropertyValueSpecification\",\"valueRequired\":true,\"valueName\":\"search_term_string\"}}],\"inLanguage\":\"fr-FR\"},{\"@type\":\"Organization\",\"@id\":\"https:\\\/\\\/www.gesmatik.com\\\/#organization\",\"name\":\"Gesmatik\",\"url\":\"https:\\\/\\\/www.gesmatik.com\\\/\",\"logo\":{\"@type\":\"ImageObject\",\"inLanguage\":\"fr-FR\",\"@id\":\"https:\\\/\\\/www.gesmatik.com\\\/#\\\/schema\\\/logo\\\/image\\\/\",\"url\":\"https:\\\/\\\/www.gesmatik.com\\\/wp-content\\\/uploads\\\/2020\\\/11\\\/gesmatik-logo.png\",\"contentUrl\":\"https:\\\/\\\/www.gesmatik.com\\\/wp-content\\\/uploads\\\/2020\\\/11\\\/gesmatik-logo.png\",\"width\":240,\"height\":42,\"caption\":\"Gesmatik\"},\"image\":{\"@id\":\"https:\\\/\\\/www.gesmatik.com\\\/#\\\/schema\\\/logo\\\/image\\\/\"}}]}<\/script>\n<!-- \/ Yoast SEO plugin. -->","yoast_head_json":{"title":"KRABBIX textile dispensation robot - Gesmatik","description":"Robot distributeur KRABBIX de textiles en sacs, tels que des pyjamas chirurgicaux ou des v\u00eatements de travail, adapt\u00e9s au secteur de la sant\u00e9.","robots":{"index":"index","follow":"follow","max-snippet":"max-snippet:-1","max-image-preview":"max-image-preview:large","max-video-preview":"max-video-preview:-1"},"canonical":"https:\/\/www.gesmatik.com\/fr\/catalogue-gesmatik\/robot-de-distribution-textile-krabbix\/","og_locale":"fr_FR","og_type":"article","og_title":"KRABBIX textile dispensation robot - Gesmatik","og_description":"Robot distributeur KRABBIX de textiles en sacs, tels que des pyjamas chirurgicaux ou des v\u00eatements de travail, adapt\u00e9s au secteur de la sant\u00e9.","og_url":"https:\/\/www.gesmatik.com\/fr\/catalogue-gesmatik\/robot-de-distribution-textile-krabbix\/","og_site_name":"Gesmatik","article_modified_time":"2025-03-04T10:09:01+00:00","twitter_card":"summary_large_image","twitter_misc":{"Dur\u00e9e de lecture estim\u00e9e":"2 minutes"},"schema":{"@context":"https:\/\/schema.org","@graph":[{"@type":"WebPage","@id":"https:\/\/www.gesmatik.com\/fr\/catalogue-gesmatik\/robot-de-distribution-textile-krabbix\/","url":"https:\/\/www.gesmatik.com\/fr\/catalogue-gesmatik\/robot-de-distribution-textile-krabbix\/","name":"KRABBIX textile dispensation robot - Gesmatik","isPartOf":{"@id":"https:\/\/www.gesmatik.com\/#website"},"datePublished":"2025-02-28T13:03:17+00:00","dateModified":"2025-03-04T10:09:01+00:00","description":"Robot distributeur KRABBIX de textiles en sacs, tels que des pyjamas chirurgicaux ou des v\u00eatements de travail, adapt\u00e9s au secteur de la sant\u00e9.","breadcrumb":{"@id":"https:\/\/www.gesmatik.com\/fr\/catalogue-gesmatik\/robot-de-distribution-textile-krabbix\/#breadcrumb"},"inLanguage":"fr-FR","potentialAction":[{"@type":"ReadAction","target":["https:\/\/www.gesmatik.com\/fr\/catalogue-gesmatik\/robot-de-distribution-textile-krabbix\/"]}]},{"@type":"BreadcrumbList","@id":"https:\/\/www.gesmatik.com\/fr\/catalogue-gesmatik\/robot-de-distribution-textile-krabbix\/#breadcrumb","itemListElement":[{"@type":"ListItem","position":1,"name":"Portada","item":"https:\/\/www.gesmatik.com\/fr\/"},{"@type":"ListItem","position":2,"name":"Catalogue","item":"https:\/\/www.gesmatik.com\/fr\/catalogue-gesmatik\/"},{"@type":"ListItem","position":3,"name":"Robot de distribution textile KRABBIX"}]},{"@type":"WebSite","@id":"https:\/\/www.gesmatik.com\/#website","url":"https:\/\/www.gesmatik.com\/","name":"Gesmatik","description":"Gesti\u00f3n y control automatizado","publisher":{"@id":"https:\/\/www.gesmatik.com\/#organization"},"potentialAction":[{"@type":"SearchAction","target":{"@type":"EntryPoint","urlTemplate":"https:\/\/www.gesmatik.com\/?s={search_term_string}"},"query-input":{"@type":"PropertyValueSpecification","valueRequired":true,"valueName":"search_term_string"}}],"inLanguage":"fr-FR"},{"@type":"Organization","@id":"https:\/\/www.gesmatik.com\/#organization","name":"Gesmatik","url":"https:\/\/www.gesmatik.com\/","logo":{"@type":"ImageObject","inLanguage":"fr-FR","@id":"https:\/\/www.gesmatik.com\/#\/schema\/logo\/image\/","url":"https:\/\/www.gesmatik.com\/wp-content\/uploads\/2020\/11\/gesmatik-logo.png","contentUrl":"https:\/\/www.gesmatik.com\/wp-content\/uploads\/2020\/11\/gesmatik-logo.png","width":240,"height":42,"caption":"Gesmatik"},"image":{"@id":"https:\/\/www.gesmatik.com\/#\/schema\/logo\/image\/"}}]}},"_links":{"self":[{"href":"https:\/\/www.gesmatik.com\/fr\/wp-json\/wp\/v2\/pages\/246087","targetHints":{"allow":["GET"]}}],"collection":[{"href":"https:\/\/www.gesmatik.com\/fr\/wp-json\/wp\/v2\/pages"}],"about":[{"href":"https:\/\/www.gesmatik.com\/fr\/wp-json\/wp\/v2\/types\/page"}],"author":[{"embeddable":true,"href":"https:\/\/www.gesmatik.com\/fr\/wp-json\/wp\/v2\/users\/1"}],"replies":[{"embeddable":true,"href":"https:\/\/www.gesmatik.com\/fr\/wp-json\/wp\/v2\/comments?post=246087"}],"version-history":[{"count":3,"href":"https:\/\/www.gesmatik.com\/fr\/wp-json\/wp\/v2\/pages\/246087\/revisions"}],"predecessor-version":[{"id":246127,"href":"https:\/\/www.gesmatik.com\/fr\/wp-json\/wp\/v2\/pages\/246087\/revisions\/246127"}],"up":[{"embeddable":true,"href":"https:\/\/www.gesmatik.com\/fr\/wp-json\/wp\/v2\/pages\/244050"}],"wp:attachment":[{"href":"https:\/\/www.gesmatik.com\/fr\/wp-json\/wp\/v2\/media?parent=246087"}],"curies":[{"name":"wp","href":"https:\/\/api.w.org\/{rel}","templated":true}]}}