{"id":245011,"date":"2024-05-31T12:17:05","date_gmt":"2024-05-31T10:17:05","guid":{"rendered":"https:\/\/www.gesmatik.com\/catalogue\/kiox-order-terminal\/"},"modified":"2025-03-04T10:59:31","modified_gmt":"2025-03-04T09:59:31","slug":"kiox-terminal-command","status":"publish","type":"page","link":"https:\/\/www.gesmatik.com\/fr\/catalogue-gesmatik\/kiox-terminal-command\/","title":{"rendered":"KIOX Terminal de commande"},"content":{"rendered":"\n<style type=\"text\/css\" data-created_by=\"avia_inline_auto\" id=\"style-css-av-lo2na2cr-008beb176f37bdc460cebc2045767fce\">\n.avia-section.av-lo2na2cr-008beb176f37bdc460cebc2045767fce{\nbackground-color:#2cc84e;\nbackground-image:url(https:\/\/www.gesmatik.com\/wp-content\/uploads\/2020\/12\/fondo-cuadros-2-2.png);\nbackground-repeat:no-repeat;\nbackground-position:0% 0%;\nbackground-attachment:scroll;\n}\n<\/style>\n<div id='av_section_1'  class='avia-section av-lo2na2cr-008beb176f37bdc460cebc2045767fce main_color avia-section-default avia-no-border-styling  avia-builder-el-0  el_before_av_heading  avia-builder-el-first  avia-bg-style-scroll container_wrap sidebar_right'  data-section-bg-repeat='no-repeat'><div class='container av-section-cont-open' ><main  role=\"main\" itemprop=\"mainContentOfPage\"  class='template-page content  av-content-small alpha units'><div class='post-entry post-entry-type-page post-entry-245011'><div class='entry-content-wrapper clearfix'>\n\n<style type=\"text\/css\" data-created_by=\"avia_inline_auto\" id=\"style-css-av-lo2naku0-71ea603f64e742b0c4dbc976dea1b4f2\">\n#top .av-special-heading.av-lo2naku0-71ea603f64e742b0c4dbc976dea1b4f2{\npadding-bottom:10px;\n}\nbody .av-special-heading.av-lo2naku0-71ea603f64e742b0c4dbc976dea1b4f2 .av-special-heading-tag .heading-char{\nfont-size:25px;\n}\n.av-special-heading.av-lo2naku0-71ea603f64e742b0c4dbc976dea1b4f2 .av-subheading{\nfont-size:15px;\n}\n<\/style>\n<div  class='av-special-heading av-lo2naku0-71ea603f64e742b0c4dbc976dea1b4f2 av-special-heading-h1 blockquote modern-quote modern-centered  avia-builder-el-1  avia-builder-el-no-sibling '><h1 class='av-special-heading-tag '  itemprop=\"headline\"  >KIOX Terminal de commande<\/h1><div class=\"special-heading-border\"><div class=\"special-heading-inner-border\"><\/div><\/div><\/div>\n<\/div><\/div><\/main><!-- close content main element --><\/div><\/div><div id='after_section_1'  class='main_color av_default_container_wrap container_wrap sidebar_right'  ><div class='container av-section-cont-open' ><div class='template-page content  av-content-small alpha units'><div class='post-entry post-entry-type-page post-entry-245011'><div class='entry-content-wrapper clearfix'>\n\n<style type=\"text\/css\" data-created_by=\"avia_inline_auto\" id=\"style-css-av-lo2n4t1d-ca289b2ab732f2c195bf9609dd8b513d\">\n#top .av-special-heading.av-lo2n4t1d-ca289b2ab732f2c195bf9609dd8b513d{\nmargin:0 0 50px 0;\npadding-bottom:10px;\n}\nbody .av-special-heading.av-lo2n4t1d-ca289b2ab732f2c195bf9609dd8b513d .av-special-heading-tag .heading-char{\nfont-size:25px;\n}\n.av-special-heading.av-lo2n4t1d-ca289b2ab732f2c195bf9609dd8b513d .av-subheading{\nfont-size:15px;\n}\n<\/style>\n<div  class='av-special-heading av-lo2n4t1d-ca289b2ab732f2c195bf9609dd8b513d av-special-heading-h3  avia-builder-el-2  el_after_av_section  el_before_av_one_third  avia-builder-el-first '><h3 class='av-special-heading-tag '  itemprop=\"headline\"  >Un kiosque qui rapproche le magasin d\u2019EPI, de v\u00eatements et d\u2019outils du travailleur, lui permettant de demander uniquement les articles et dans les quantit\u00e9s que chaque employ\u00e9 est autoris\u00e9 \u00e0 utiliser pour son travail.<\/h3><div class=\"special-heading-border\"><div class=\"special-heading-inner-border\"><\/div><\/div><\/div>\n<div  class='flex_column av-ggy3g6b-68219ce7455436edc51f5edf5bec0d37 av_one_third  avia-builder-el-3  el_after_av_heading  el_before_av_one_third  first flex_column_div  '     ><style type=\"text\/css\" data-created_by=\"avia_inline_auto\" id=\"style-css-av-lo2oaps8-40c82e1aa950a64e6e465362fc5f4a78\">\n.avia-image-container.av-lo2oaps8-40c82e1aa950a64e6e465362fc5f4a78 img.avia_image{\nbox-shadow:none;\n}\n.avia-image-container.av-lo2oaps8-40c82e1aa950a64e6e465362fc5f4a78 .av-image-caption-overlay-center{\ncolor:#ffffff;\n}\n<\/style>\n<div  class='avia-image-container av-lo2oaps8-40c82e1aa950a64e6e465362fc5f4a78 av-styling- avia-align-center  avia-builder-el-4  avia-builder-el-no-sibling  imagen_productos_catalogo'   itemprop=\"image\" itemscope=\"itemscope\" itemtype=\"https:\/\/schema.org\/ImageObject\" ><div class=\"avia-image-container-inner\"><div class=\"avia-image-overlay-wrap\"><img decoding=\"async\" fetchpriority=\"high\" class='wp-image-244980 avia-img-lazy-loading-not-244980 avia_image ' src=\"https:\/\/www.gesmatik.com\/wp-content\/uploads\/2024\/05\/Kiox_G_0002.png\" alt='Terminal de pedidos KIOX Gesmatik' title='Kiox_G_0002'  height=\"555\" width=\"245\"  itemprop=\"thumbnailUrl\" srcset=\"https:\/\/www.gesmatik.com\/wp-content\/uploads\/2024\/05\/Kiox_G_0002.png 245w, https:\/\/www.gesmatik.com\/wp-content\/uploads\/2024\/05\/Kiox_G_0002-132x300.png 132w\" sizes=\"(max-width: 245px) 100vw, 245px\" \/><\/div><\/div><\/div><\/div>\n<div  class='flex_column av-b0qkr6r-e27cb5a1ef747166c07070a355198c99 av_one_third  avia-builder-el-5  el_after_av_one_third  el_before_av_one_third  flex_column_div  '     ><style type=\"text\/css\" data-created_by=\"avia_inline_auto\" id=\"style-css-av-lo2oazgh-36f7034e4e19d36083a322c215778427\">\n.avia-image-container.av-lo2oazgh-36f7034e4e19d36083a322c215778427 img.avia_image{\nbox-shadow:none;\n}\n.avia-image-container.av-lo2oazgh-36f7034e4e19d36083a322c215778427 .av-image-caption-overlay-center{\ncolor:#ffffff;\n}\n<\/style>\n<div  class='avia-image-container av-lo2oazgh-36f7034e4e19d36083a322c215778427 av-styling- avia-align-center  avia-builder-el-6  avia-builder-el-no-sibling  imagen_productos_catalogo'   itemprop=\"image\" itemscope=\"itemscope\" itemtype=\"https:\/\/schema.org\/ImageObject\" ><div class=\"avia-image-container-inner\"><div class=\"avia-image-overlay-wrap\"><img decoding=\"async\" fetchpriority=\"high\" class='wp-image-244976 avia-img-lazy-loading-not-244976 avia_image ' src=\"https:\/\/www.gesmatik.com\/wp-content\/uploads\/2024\/05\/Kiox_G_0001.png\" alt='Terminal de pedidos Gesmatik Kiox G' title='Kiox_G_0001'  height=\"555\" width=\"197\"  itemprop=\"thumbnailUrl\" srcset=\"https:\/\/www.gesmatik.com\/wp-content\/uploads\/2024\/05\/Kiox_G_0001.png 197w, https:\/\/www.gesmatik.com\/wp-content\/uploads\/2024\/05\/Kiox_G_0001-106x300.png 106w\" sizes=\"(max-width: 197px) 100vw, 197px\" \/><\/div><\/div><\/div><\/div>\n<div  class='flex_column av-543umhv-2db9c8fa7e4b33ee50f074afd74c1109 av_one_third  avia-builder-el-7  el_after_av_one_third  el_before_av_one_full  flex_column_div  '     ><style type=\"text\/css\" data-created_by=\"avia_inline_auto\" id=\"style-css-av-lo2oba0e-1076c97092a3f7afe87a3fe4899b4fa3\">\n.avia-image-container.av-lo2oba0e-1076c97092a3f7afe87a3fe4899b4fa3 img.avia_image{\nbox-shadow:none;\n}\n.avia-image-container.av-lo2oba0e-1076c97092a3f7afe87a3fe4899b4fa3 .av-image-caption-overlay-center{\ncolor:#ffffff;\n}\n<\/style>\n<div  class='avia-image-container av-lo2oba0e-1076c97092a3f7afe87a3fe4899b4fa3 av-styling- avia-align-center  avia-builder-el-8  avia-builder-el-no-sibling  imagen_productos_catalogo'   itemprop=\"image\" itemscope=\"itemscope\" itemtype=\"https:\/\/schema.org\/ImageObject\" ><div class=\"avia-image-container-inner\"><div class=\"avia-image-overlay-wrap\"><img decoding=\"async\" fetchpriority=\"high\" class='wp-image-244972 avia-img-lazy-loading-not-244972 avia_image ' src=\"https:\/\/www.gesmatik.com\/wp-content\/uploads\/2024\/05\/Kiox_G_0000.png\" alt='Terminal de pedidos KIOX Gesmatik' title='Kiox_G_0000'  height=\"555\" width=\"243\"  itemprop=\"thumbnailUrl\" srcset=\"https:\/\/www.gesmatik.com\/wp-content\/uploads\/2024\/05\/Kiox_G_0000.png 243w, https:\/\/www.gesmatik.com\/wp-content\/uploads\/2024\/05\/Kiox_G_0000-131x300.png 131w\" sizes=\"(max-width: 243px) 100vw, 243px\" \/><\/div><\/div><\/div><\/div>\n<div  class='flex_column av-7xgwd5v-b90fac157735961c68021577cafe3d4f av_one_full  avia-builder-el-9  el_after_av_one_third  avia-builder-el-last  first flex_column_div  column-top-margin'     ><div  class='avia-button-wrap av-lo2oftmn-8053add5a096900c940569a219a7c08c-wrap avia-button-center  avia-builder-el-10  avia-builder-el-no-sibling '>\n<style type=\"text\/css\" data-created_by=\"avia_inline_auto\" id=\"style-css-av-lo2oftmn-8053add5a096900c940569a219a7c08c\">\n#top #wrap_all .avia-button.av-lo2oftmn-8053add5a096900c940569a219a7c08c{\nfont-size:24px;\ntransition:all 0.4s ease-in-out;\n}\n#top #wrap_all .avia-button.av-lo2oftmn-8053add5a096900c940569a219a7c08c:hover{\ncolor:white;\ntransition:all 0.4s ease-in-out;\n}\n#top #wrap_all .avia-button.av-lo2oftmn-8053add5a096900c940569a219a7c08c:hover .avia-svg-icon svg:first-child{\nfill:white;\nstroke:white;\n}\n<\/style>\n<a href='\/wp-content\/uploads\/2025\/02\/GESMATIK-next_Ficha-de-producto-KIOX_FR.pdf'  class='avia-button av-lo2oftmn-8053add5a096900c940569a219a7c08c av-link-btn avia-icon_select-yes-left-icon avia-size-large avia-position-center avia-color-theme-color avia-font-color-theme-color'  target=\"_blank\"  rel=\"noopener noreferrer\"  aria-label=\"T\u00e9l\u00e9charger la fiche produit\"><span class='avia_button_icon avia_button_icon_left avia-iconfont avia-font-entypo-fontello' data-av_icon='\ue82d' data-av_iconfont='entypo-fontello' ><\/span><span class='avia_iconbox_title' >T\u00e9l\u00e9charger la fiche produit<\/span><span class='avia_button_background avia-button avia-color-theme-color-highlight' ><\/span><\/a><\/div><\/div>\n","protected":false},"excerpt":{"rendered":"","protected":false},"author":1,"featured_media":0,"parent":244050,"menu_order":0,"comment_status":"closed","ping_status":"closed","template":"","meta":{"footnotes":""},"class_list":["post-245011","page","type-page","status-publish","hentry"],"yoast_head":"<!-- This site is optimized with the Yoast SEO plugin v27.3 - https:\/\/yoast.com\/product\/yoast-seo-wordpress\/ -->\n<title>KIOX Terminal de commande - Gesmatik<\/title>\n<meta name=\"description\" content=\"KIOX Terminal de Command ou kiosque qui rapproche le magasin d\u2019EPI, de v\u00eatements et d\u2019outils du travailleur, lui permettant de demander uniquement les articles et dans les quantit\u00e9s que chaque employ\u00e9 est autoris\u00e9 \u00e0 utiliser pour son travail.\" \/>\n<meta name=\"robots\" content=\"index, follow, max-snippet:-1, max-image-preview:large, max-video-preview:-1\" \/>\n<link rel=\"canonical\" href=\"https:\/\/www.gesmatik.com\/fr\/catalogue-gesmatik\/kiox-terminal-command\/\" \/>\n<meta property=\"og:locale\" content=\"fr_FR\" \/>\n<meta property=\"og:type\" content=\"article\" \/>\n<meta property=\"og:title\" content=\"KIOX Terminal de commande - Gesmatik\" \/>\n<meta property=\"og:description\" content=\"KIOX Terminal de Command ou kiosque qui rapproche le magasin d\u2019EPI, de v\u00eatements et d\u2019outils du travailleur, lui permettant de demander uniquement les articles et dans les quantit\u00e9s que chaque employ\u00e9 est autoris\u00e9 \u00e0 utiliser pour son travail.\" \/>\n<meta property=\"og:url\" content=\"https:\/\/www.gesmatik.com\/fr\/catalogue-gesmatik\/kiox-terminal-command\/\" \/>\n<meta property=\"og:site_name\" content=\"Gesmatik\" \/>\n<meta property=\"article:modified_time\" content=\"2025-03-04T09:59:31+00:00\" \/>\n<meta name=\"twitter:card\" content=\"summary_large_image\" \/>\n<meta name=\"twitter:label1\" content=\"Dur\u00e9e de lecture estim\u00e9e\" \/>\n\t<meta name=\"twitter:data1\" content=\"1 minute\" \/>\n<script type=\"application\/ld+json\" class=\"yoast-schema-graph\">{\"@context\":\"https:\\\/\\\/schema.org\",\"@graph\":[{\"@type\":\"WebPage\",\"@id\":\"https:\\\/\\\/www.gesmatik.com\\\/fr\\\/catalogue-gesmatik\\\/kiox-terminal-command\\\/\",\"url\":\"https:\\\/\\\/www.gesmatik.com\\\/fr\\\/catalogue-gesmatik\\\/kiox-terminal-command\\\/\",\"name\":\"KIOX Terminal de commande - Gesmatik\",\"isPartOf\":{\"@id\":\"https:\\\/\\\/www.gesmatik.com\\\/#website\"},\"datePublished\":\"2024-05-31T10:17:05+00:00\",\"dateModified\":\"2025-03-04T09:59:31+00:00\",\"description\":\"KIOX Terminal de Command ou kiosque qui rapproche le magasin d\u2019EPI, de v\u00eatements et d\u2019outils du travailleur, lui permettant de demander uniquement les articles et dans les quantit\u00e9s que chaque employ\u00e9 est autoris\u00e9 \u00e0 utiliser pour son travail.\",\"breadcrumb\":{\"@id\":\"https:\\\/\\\/www.gesmatik.com\\\/fr\\\/catalogue-gesmatik\\\/kiox-terminal-command\\\/#breadcrumb\"},\"inLanguage\":\"fr-FR\",\"potentialAction\":[{\"@type\":\"ReadAction\",\"target\":[\"https:\\\/\\\/www.gesmatik.com\\\/fr\\\/catalogue-gesmatik\\\/kiox-terminal-command\\\/\"]}]},{\"@type\":\"BreadcrumbList\",\"@id\":\"https:\\\/\\\/www.gesmatik.com\\\/fr\\\/catalogue-gesmatik\\\/kiox-terminal-command\\\/#breadcrumb\",\"itemListElement\":[{\"@type\":\"ListItem\",\"position\":1,\"name\":\"Portada\",\"item\":\"https:\\\/\\\/www.gesmatik.com\\\/fr\\\/\"},{\"@type\":\"ListItem\",\"position\":2,\"name\":\"Catalogue\",\"item\":\"https:\\\/\\\/www.gesmatik.com\\\/fr\\\/catalogue-gesmatik\\\/\"},{\"@type\":\"ListItem\",\"position\":3,\"name\":\"KIOX Terminal de commande\"}]},{\"@type\":\"WebSite\",\"@id\":\"https:\\\/\\\/www.gesmatik.com\\\/#website\",\"url\":\"https:\\\/\\\/www.gesmatik.com\\\/\",\"name\":\"Gesmatik\",\"description\":\"Gesti\u00f3n y control automatizado\",\"publisher\":{\"@id\":\"https:\\\/\\\/www.gesmatik.com\\\/#organization\"},\"potentialAction\":[{\"@type\":\"SearchAction\",\"target\":{\"@type\":\"EntryPoint\",\"urlTemplate\":\"https:\\\/\\\/www.gesmatik.com\\\/?s={search_term_string}\"},\"query-input\":{\"@type\":\"PropertyValueSpecification\",\"valueRequired\":true,\"valueName\":\"search_term_string\"}}],\"inLanguage\":\"fr-FR\"},{\"@type\":\"Organization\",\"@id\":\"https:\\\/\\\/www.gesmatik.com\\\/#organization\",\"name\":\"Gesmatik\",\"url\":\"https:\\\/\\\/www.gesmatik.com\\\/\",\"logo\":{\"@type\":\"ImageObject\",\"inLanguage\":\"fr-FR\",\"@id\":\"https:\\\/\\\/www.gesmatik.com\\\/#\\\/schema\\\/logo\\\/image\\\/\",\"url\":\"https:\\\/\\\/www.gesmatik.com\\\/wp-content\\\/uploads\\\/2020\\\/11\\\/gesmatik-logo.png\",\"contentUrl\":\"https:\\\/\\\/www.gesmatik.com\\\/wp-content\\\/uploads\\\/2020\\\/11\\\/gesmatik-logo.png\",\"width\":240,\"height\":42,\"caption\":\"Gesmatik\"},\"image\":{\"@id\":\"https:\\\/\\\/www.gesmatik.com\\\/#\\\/schema\\\/logo\\\/image\\\/\"}}]}<\/script>\n<!-- \/ Yoast SEO plugin. -->","yoast_head_json":{"title":"KIOX Terminal de commande - Gesmatik","description":"KIOX Terminal de Command ou kiosque qui rapproche le magasin d\u2019EPI, de v\u00eatements et d\u2019outils du travailleur, lui permettant de demander uniquement les articles et dans les quantit\u00e9s que chaque employ\u00e9 est autoris\u00e9 \u00e0 utiliser pour son travail.","robots":{"index":"index","follow":"follow","max-snippet":"max-snippet:-1","max-image-preview":"max-image-preview:large","max-video-preview":"max-video-preview:-1"},"canonical":"https:\/\/www.gesmatik.com\/fr\/catalogue-gesmatik\/kiox-terminal-command\/","og_locale":"fr_FR","og_type":"article","og_title":"KIOX Terminal de commande - Gesmatik","og_description":"KIOX Terminal de Command ou kiosque qui rapproche le magasin d\u2019EPI, de v\u00eatements et d\u2019outils du travailleur, lui permettant de demander uniquement les articles et dans les quantit\u00e9s que chaque employ\u00e9 est autoris\u00e9 \u00e0 utiliser pour son travail.","og_url":"https:\/\/www.gesmatik.com\/fr\/catalogue-gesmatik\/kiox-terminal-command\/","og_site_name":"Gesmatik","article_modified_time":"2025-03-04T09:59:31+00:00","twitter_card":"summary_large_image","twitter_misc":{"Dur\u00e9e de lecture estim\u00e9e":"1 minute"},"schema":{"@context":"https:\/\/schema.org","@graph":[{"@type":"WebPage","@id":"https:\/\/www.gesmatik.com\/fr\/catalogue-gesmatik\/kiox-terminal-command\/","url":"https:\/\/www.gesmatik.com\/fr\/catalogue-gesmatik\/kiox-terminal-command\/","name":"KIOX Terminal de commande - Gesmatik","isPartOf":{"@id":"https:\/\/www.gesmatik.com\/#website"},"datePublished":"2024-05-31T10:17:05+00:00","dateModified":"2025-03-04T09:59:31+00:00","description":"KIOX Terminal de Command ou kiosque qui rapproche le magasin d\u2019EPI, de v\u00eatements et d\u2019outils du travailleur, lui permettant de demander uniquement les articles et dans les quantit\u00e9s que chaque employ\u00e9 est autoris\u00e9 \u00e0 utiliser pour son travail.","breadcrumb":{"@id":"https:\/\/www.gesmatik.com\/fr\/catalogue-gesmatik\/kiox-terminal-command\/#breadcrumb"},"inLanguage":"fr-FR","potentialAction":[{"@type":"ReadAction","target":["https:\/\/www.gesmatik.com\/fr\/catalogue-gesmatik\/kiox-terminal-command\/"]}]},{"@type":"BreadcrumbList","@id":"https:\/\/www.gesmatik.com\/fr\/catalogue-gesmatik\/kiox-terminal-command\/#breadcrumb","itemListElement":[{"@type":"ListItem","position":1,"name":"Portada","item":"https:\/\/www.gesmatik.com\/fr\/"},{"@type":"ListItem","position":2,"name":"Catalogue","item":"https:\/\/www.gesmatik.com\/fr\/catalogue-gesmatik\/"},{"@type":"ListItem","position":3,"name":"KIOX Terminal de commande"}]},{"@type":"WebSite","@id":"https:\/\/www.gesmatik.com\/#website","url":"https:\/\/www.gesmatik.com\/","name":"Gesmatik","description":"Gesti\u00f3n y control automatizado","publisher":{"@id":"https:\/\/www.gesmatik.com\/#organization"},"potentialAction":[{"@type":"SearchAction","target":{"@type":"EntryPoint","urlTemplate":"https:\/\/www.gesmatik.com\/?s={search_term_string}"},"query-input":{"@type":"PropertyValueSpecification","valueRequired":true,"valueName":"search_term_string"}}],"inLanguage":"fr-FR"},{"@type":"Organization","@id":"https:\/\/www.gesmatik.com\/#organization","name":"Gesmatik","url":"https:\/\/www.gesmatik.com\/","logo":{"@type":"ImageObject","inLanguage":"fr-FR","@id":"https:\/\/www.gesmatik.com\/#\/schema\/logo\/image\/","url":"https:\/\/www.gesmatik.com\/wp-content\/uploads\/2020\/11\/gesmatik-logo.png","contentUrl":"https:\/\/www.gesmatik.com\/wp-content\/uploads\/2020\/11\/gesmatik-logo.png","width":240,"height":42,"caption":"Gesmatik"},"image":{"@id":"https:\/\/www.gesmatik.com\/#\/schema\/logo\/image\/"}}]}},"_links":{"self":[{"href":"https:\/\/www.gesmatik.com\/fr\/wp-json\/wp\/v2\/pages\/245011","targetHints":{"allow":["GET"]}}],"collection":[{"href":"https:\/\/www.gesmatik.com\/fr\/wp-json\/wp\/v2\/pages"}],"about":[{"href":"https:\/\/www.gesmatik.com\/fr\/wp-json\/wp\/v2\/types\/page"}],"author":[{"embeddable":true,"href":"https:\/\/www.gesmatik.com\/fr\/wp-json\/wp\/v2\/users\/1"}],"replies":[{"embeddable":true,"href":"https:\/\/www.gesmatik.com\/fr\/wp-json\/wp\/v2\/comments?post=245011"}],"version-history":[{"count":7,"href":"https:\/\/www.gesmatik.com\/fr\/wp-json\/wp\/v2\/pages\/245011\/revisions"}],"predecessor-version":[{"id":246119,"href":"https:\/\/www.gesmatik.com\/fr\/wp-json\/wp\/v2\/pages\/245011\/revisions\/246119"}],"up":[{"embeddable":true,"href":"https:\/\/www.gesmatik.com\/fr\/wp-json\/wp\/v2\/pages\/244050"}],"wp:attachment":[{"href":"https:\/\/www.gesmatik.com\/fr\/wp-json\/wp\/v2\/media?parent=245011"}],"curies":[{"name":"wp","href":"https:\/\/api.w.org\/{rel}","templated":true}]}}