{"id":242742,"date":"2021-01-26T12:59:30","date_gmt":"2021-01-26T11:59:30","guid":{"rendered":"http:\/\/www.gesmatik.com\/contact\/"},"modified":"2023-09-22T12:00:14","modified_gmt":"2023-09-22T10:00:14","slug":"contact","status":"publish","type":"page","link":"https:\/\/www.gesmatik.com\/fr\/contact\/","title":{"rendered":"Contact"},"content":{"rendered":"\n<style type=\"text\/css\" data-created_by=\"avia_inline_auto\" id=\"style-css-av-dsr0o-dae533b481c5de10aef75d0319047ae4\">\n.avia-section.av-dsr0o-dae533b481c5de10aef75d0319047ae4{\nbackground-color:#2cc84e;\nbackground-image:url(https:\/\/www.gesmatik.com\/wp-content\/uploads\/2020\/12\/fondo-cuadros-2-2.png);\nbackground-repeat:no-repeat;\nbackground-position:0% 50%;\nbackground-attachment:scroll;\n}\n<\/style>\n<div id='av_section_1'  class='avia-section av-dsr0o-dae533b481c5de10aef75d0319047ae4 main_color avia-section-default avia-no-border-styling  avia-builder-el-0  el_before_av_google_map  avia-builder-el-first  avia-bg-style-scroll container_wrap sidebar_right'  data-section-bg-repeat='no-repeat'><div class='container av-section-cont-open' ><main  role=\"main\" itemprop=\"mainContentOfPage\"  class='template-page content  av-content-small alpha units'><div class='post-entry post-entry-type-page post-entry-242742'><div class='entry-content-wrapper clearfix'>\n\n<style type=\"text\/css\" data-created_by=\"avia_inline_auto\" id=\"style-css-av-kiikni7r-a394df313cb9715a7d8cd3e2e886387e\">\n#top .av-special-heading.av-kiikni7r-a394df313cb9715a7d8cd3e2e886387e{\npadding-bottom:0;\n}\nbody .av-special-heading.av-kiikni7r-a394df313cb9715a7d8cd3e2e886387e .av-special-heading-tag .heading-char{\nfont-size:25px;\n}\n.av-special-heading.av-kiikni7r-a394df313cb9715a7d8cd3e2e886387e .av-subheading{\nfont-size:15px;\n}\n<\/style>\n<div  class='av-special-heading av-kiikni7r-a394df313cb9715a7d8cd3e2e886387e av-special-heading-h1 blockquote modern-quote modern-centered  avia-builder-el-1  avia-builder-el-no-sibling '><h1 class='av-special-heading-tag '  itemprop=\"headline\"  >Contactez Gesmatik <\/h1><div class=\"special-heading-border\"><div class=\"special-heading-inner-border\"><\/div><\/div><\/div>\n\n<div  class='av_gmaps_sc_main_wrap av_gmaps_main_wrap '><div id='av_gmap_0' class='avia-google-map-container avia-google-map-sc av_gmaps_show_unconditionally av-no-fallback-img ' data-mapid='av_gmap_0'  style='height: 400px;'><a class=\"av_gmaps_browser_disabled av_text_confirm_link av_text_confirm_link_visible\" href=\"https:\/\/www.google.com\/maps\/search\/?api=1&#038;query=C\/%20Uzbina%20n\u00ba%2024%2001015%20Vitoria-Gasteiz%20\u00c1lava%20Espagne\" target=\"_blank\">Les cartes ont \u00e9t\u00e9 d\u00e9sactiv\u00e9es par le visiteur sur ce site. Cliquer pour ouvrir la carte dans une nouvelle fen\u00eatre.<\/a><\/div><\/div>\n\n<style type=\"text\/css\" data-created_by=\"avia_inline_auto\" id=\"style-css-av-1j9lu-57444f979ce73ecd769a2ccbd9f422cf\">\n.flex_column.av-1j9lu-57444f979ce73ecd769a2ccbd9f422cf{\nborder-radius:0px 0px 0px 0px;\npadding:0px 0px 0px 0px;\n}\n<\/style>\n<div  class='flex_column av-1j9lu-57444f979ce73ecd769a2ccbd9f422cf av_one_half  avia-builder-el-3  el_after_av_google_map  el_before_av_one_half  avia-builder-el-first  first flex_column_div av-zero-column-padding  '     ><p>\n<style type=\"text\/css\" data-created_by=\"avia_inline_auto\" id=\"style-css-av-2w2xq-0e9b25f8833739ee99a4eddbb74f0ae5\">\n#top .av-special-heading.av-2w2xq-0e9b25f8833739ee99a4eddbb74f0ae5{\npadding-bottom:0;\n}\nbody .av-special-heading.av-2w2xq-0e9b25f8833739ee99a4eddbb74f0ae5 .av-special-heading-tag .heading-char{\nfont-size:25px;\n}\n.av-special-heading.av-2w2xq-0e9b25f8833739ee99a4eddbb74f0ae5 .av-subheading{\nfont-size:15px;\n}\n<\/style>\n<div  class='av-special-heading av-2w2xq-0e9b25f8833739ee99a4eddbb74f0ae5 av-special-heading-h2 blockquote modern-quote  avia-builder-el-4  el_before_av_hr  avia-builder-el-first '><h2 class='av-special-heading-tag '  itemprop=\"headline\"  >Bureaux en Espagne<\/h2><div class=\"special-heading-border\"><div class=\"special-heading-inner-border\"><\/div><\/div><\/div><br \/>\n\n<style type=\"text\/css\" data-created_by=\"avia_inline_auto\" id=\"style-css-av-kiimk2az-ddef7dbc7965548f94ad308582f0f5c7\">\n#top .hr.av-kiimk2az-ddef7dbc7965548f94ad308582f0f5c7{\nmargin-top:5px;\nmargin-bottom:10px;\n}\n.hr.av-kiimk2az-ddef7dbc7965548f94ad308582f0f5c7 .hr-inner{\nwidth:50px;\nborder-color:#58a618;\n}\n<\/style>\n<div  class='hr av-kiimk2az-ddef7dbc7965548f94ad308582f0f5c7 hr-custom  avia-builder-el-5  el_after_av_heading  el_before_av_textblock  hr-left hr-icon-no'><span class='hr-inner inner-border-av-border-fat'><span class=\"hr-inner-style\"><\/span><\/span><\/div><br \/>\n<section  class='av_textblock_section av-kiiku19g-23ab4bcce2bc184734ab997f84d0f79d '   itemscope=\"itemscope\" itemtype=\"https:\/\/schema.org\/CreativeWork\" ><div class='avia_textblock'  itemprop=\"text\" ><p><a href=\"https:\/\/www.google.es\/maps\/place\/Gesmatik\/@42.8358595,-2.7422637,17z\/data=!3m1!4b1!4m5!3m4!1s0xd4fc02b7cc917b7:0xfc8cbc4d31996116!8m2!3d42.8358556!4d-2.740075\" target=\"_blank\" rel=\"noopener noreferrer\">C\/ Uzbina n\u00ba 24, Pab. F1<br \/>\n01015 Vitoria-Gasteiz, Espagne<\/a><\/p>\n<p>Tel. <a href=\"tel:+34 945 29 08 66\"> +34 945 29 08 66<\/a><\/p>\n<p>Mail. <a href=\"mailto:info@gesmatik.com\"><strong>info@gesmatik.com<\/strong><\/a><\/p>\n<\/div><\/section><\/p><\/div>\n\n<style type=\"text\/css\" data-created_by=\"avia_inline_auto\" id=\"style-css-av-rwhy-acef1f27d8c25149c678f000447833a8\">\n.flex_column.av-rwhy-acef1f27d8c25149c678f000447833a8{\nborder-radius:0px 0px 0px 0px;\npadding:0px 0px 0px 0px;\n}\n<\/style>\n<div  class='flex_column av-rwhy-acef1f27d8c25149c678f000447833a8 av_one_half  avia-builder-el-7  el_after_av_one_half  avia-builder-el-last  flex_column_div av-zero-column-padding  '     ><p>\n<style type=\"text\/css\" data-created_by=\"avia_inline_auto\" id=\"style-css-av-sofi-86fd2a350f1be879a034285f59511057\">\n#top .av-special-heading.av-sofi-86fd2a350f1be879a034285f59511057{\npadding-bottom:0;\n}\nbody .av-special-heading.av-sofi-86fd2a350f1be879a034285f59511057 .av-special-heading-tag .heading-char{\nfont-size:25px;\n}\n.av-special-heading.av-sofi-86fd2a350f1be879a034285f59511057 .av-subheading{\nfont-size:15px;\n}\n<\/style>\n<div  class='av-special-heading av-sofi-86fd2a350f1be879a034285f59511057 av-special-heading-h2 blockquote modern-quote  avia-builder-el-8  el_before_av_hr  avia-builder-el-first '><h2 class='av-special-heading-tag '  itemprop=\"headline\"  >Contacter par email<\/h2><div class=\"special-heading-border\"><div class=\"special-heading-inner-border\"><\/div><\/div><\/div><br \/>\n\n<style type=\"text\/css\" data-created_by=\"avia_inline_auto\" id=\"style-css-av-kiimk2az-ddef7dbc7965548f94ad308582f0f5c7\">\n#top .hr.av-kiimk2az-ddef7dbc7965548f94ad308582f0f5c7{\nmargin-top:5px;\nmargin-bottom:10px;\n}\n.hr.av-kiimk2az-ddef7dbc7965548f94ad308582f0f5c7 .hr-inner{\nwidth:50px;\nborder-color:#58a618;\n}\n<\/style>\n<div  class='hr av-kiimk2az-ddef7dbc7965548f94ad308582f0f5c7 hr-custom  avia-builder-el-9  el_after_av_heading  el_before_av_textblock  hr-left hr-icon-no'><span class='hr-inner inner-border-av-border-fat'><span class=\"hr-inner-style\"><\/span><\/span><\/div><br \/>\n<section  class='av_textblock_section av-kiikrzkt-7b05178ab2acc16305dbfca138f4104e '   itemscope=\"itemscope\" itemtype=\"https:\/\/schema.org\/CreativeWork\" ><div class='avia_textblock'  itemprop=\"text\" >\n<div class=\"wpcf7 no-js\" id=\"wpcf7-f242192-o1\" lang=\"fr-FR\" dir=\"ltr\" data-wpcf7-id=\"242192\">\n<div class=\"screen-reader-response\"><p role=\"status\" aria-live=\"polite\" aria-atomic=\"true\"><\/p> <ul><\/ul><\/div>\n<form action=\"\/fr\/wp-json\/wp\/v2\/pages\/242742#wpcf7-f242192-o1\" method=\"post\" class=\"wpcf7-form init wpcf7-acceptance-as-validation\" aria-label=\"Formulaire de contact\" novalidate=\"novalidate\" data-status=\"init\">\n<fieldset class=\"hidden-fields-container\"><input type=\"hidden\" name=\"_wpcf7\" value=\"242192\" \/><input type=\"hidden\" name=\"_wpcf7_version\" value=\"6.1.5\" \/><input type=\"hidden\" name=\"_wpcf7_locale\" value=\"fr_FR\" \/><input type=\"hidden\" name=\"_wpcf7_unit_tag\" value=\"wpcf7-f242192-o1\" \/><input type=\"hidden\" name=\"_wpcf7_container_post\" value=\"0\" \/><input type=\"hidden\" name=\"_wpcf7_posted_data_hash\" value=\"\" \/><input type=\"hidden\" name=\"_wpcf7_recaptcha_response\" value=\"\" \/>\n<\/fieldset>\n<p><label> Votre nom <span class=\"asterisco\">(*)<\/span><br \/>\n<span class=\"wpcf7-form-control-wrap\" data-name=\"your-name\"><input size=\"40\" maxlength=\"400\" class=\"wpcf7-form-control wpcf7-text wpcf7-validates-as-required\" aria-required=\"true\" aria-invalid=\"false\" value=\"\" type=\"text\" name=\"your-name\" \/><\/span> <\/label>\n<\/p>\n<p><label> E-mail <span class=\"asterisco\">(*)<\/span><br \/>\n<span class=\"wpcf7-form-control-wrap\" data-name=\"your-email\"><input size=\"40\" maxlength=\"400\" class=\"wpcf7-form-control wpcf7-email wpcf7-validates-as-required wpcf7-text wpcf7-validates-as-email\" aria-required=\"true\" aria-invalid=\"false\" value=\"\" type=\"email\" name=\"your-email\" \/><\/span> <\/label>\n<\/p>\n<p><label> Sujet<br \/>\n<span class=\"wpcf7-form-control-wrap\" data-name=\"your-subject\"><input size=\"40\" maxlength=\"400\" class=\"wpcf7-form-control wpcf7-text\" aria-invalid=\"false\" value=\"\" type=\"text\" name=\"your-subject\" \/><\/span> <\/label>\n<\/p>\n<p><label> Son message<br \/>\n<span class=\"wpcf7-form-control-wrap\" data-name=\"your-message\"><textarea cols=\"40\" rows=\"10\" maxlength=\"2000\" class=\"wpcf7-form-control wpcf7-textarea\" aria-invalid=\"false\" name=\"your-message\"><\/textarea><\/span> <\/label>\n<\/p>\n<p><span class=\"wpcf7-form-control-wrap\" data-name=\"acceptance-737\"><span class=\"wpcf7-form-control wpcf7-acceptance optional\"><span class=\"wpcf7-list-item\"><label><input type=\"checkbox\" name=\"acceptance-737\" value=\"1\" aria-invalid=\"false\" \/><span class=\"wpcf7-list-item-label\"><a href=\"\/fr\/politique-de-confidentialite\/\">J'ai lu et j'accepte la politique de confidentialit\u00e9<\/a><\/span><\/label><\/span><\/span><\/span>\n<\/p>\n<p class=\"politica\">\u201cConform\u00e9ment aux dispositions de la loi organique 15\/1999 du 13 d\u00e9cembre sur la protection des donn\u00e9es personnelles, je consens \u00e0 l'inclusion de mes donn\u00e9es dans un fichier appartenant \u00e0 Vending Modular, et \u00e0 ce qu'elles soient utilis\u00e9es pour pouvoir \u00e9tablir la communication avec l'utilisateur. De m\u00eame, je d\u00e9clare \u00eatre inform\u00e9 des droits d'acc\u00e8s, de rectification, d'annulation et d'opposition que je peux exercer \u00e0 l'adresse de Vending Modular, Uzbina n\u00ba 24, Vitoria-Gasteiz, \u00c1lava; ou en envoyant un message \u00e0 l'adresse email info@gesmatik.com\u201d.\n<\/p>\n<p>Pour continuer, vous devez accepter d'avoir lu et accept\u00e9 la clause pr\u00e9c\u00e9dente.\n<\/p>\n<p><input class=\"wpcf7-form-control wpcf7-submit has-spinner\" type=\"submit\" value=\"Envoyer\" \/>\n<\/p><div class=\"wpcf7-response-output\" aria-hidden=\"true\"><\/div>\n<\/form>\n<\/div>\n\n<\/div><\/section><\/p><\/div>\n","protected":false},"excerpt":{"rendered":"","protected":false},"author":2,"featured_media":0,"parent":0,"menu_order":0,"comment_status":"closed","ping_status":"closed","template":"","meta":{"footnotes":""},"class_list":["post-242742","page","type-page","status-publish","hentry"],"yoast_head":"<!-- This site is optimized with the Yoast SEO plugin v27.3 - https:\/\/yoast.com\/product\/yoast-seo-wordpress\/ -->\n<title>Contact - Gesmatik<\/title>\n<meta name=\"robots\" content=\"index, follow, max-snippet:-1, max-image-preview:large, max-video-preview:-1\" \/>\n<link rel=\"canonical\" href=\"https:\/\/www.gesmatik.com\/fr\/contact\/\" \/>\n<meta property=\"og:locale\" content=\"fr_FR\" \/>\n<meta property=\"og:type\" content=\"article\" \/>\n<meta property=\"og:title\" content=\"Contact - Gesmatik\" \/>\n<meta property=\"og:url\" content=\"https:\/\/www.gesmatik.com\/fr\/contact\/\" \/>\n<meta property=\"og:site_name\" content=\"Gesmatik\" \/>\n<meta property=\"article:modified_time\" content=\"2023-09-22T10:00:14+00:00\" \/>\n<meta name=\"twitter:card\" content=\"summary_large_image\" \/>\n<meta name=\"twitter:label1\" content=\"Dur\u00e9e de lecture estim\u00e9e\" \/>\n\t<meta name=\"twitter:data1\" content=\"2 minutes\" \/>\n<script type=\"application\/ld+json\" class=\"yoast-schema-graph\">{\"@context\":\"https:\\\/\\\/schema.org\",\"@graph\":[{\"@type\":\"WebPage\",\"@id\":\"https:\\\/\\\/www.gesmatik.com\\\/fr\\\/contact\\\/\",\"url\":\"https:\\\/\\\/www.gesmatik.com\\\/fr\\\/contact\\\/\",\"name\":\"Contact - Gesmatik\",\"isPartOf\":{\"@id\":\"https:\\\/\\\/www.gesmatik.com\\\/#website\"},\"datePublished\":\"2021-01-26T11:59:30+00:00\",\"dateModified\":\"2023-09-22T10:00:14+00:00\",\"breadcrumb\":{\"@id\":\"https:\\\/\\\/www.gesmatik.com\\\/fr\\\/contact\\\/#breadcrumb\"},\"inLanguage\":\"fr-FR\",\"potentialAction\":[{\"@type\":\"ReadAction\",\"target\":[\"https:\\\/\\\/www.gesmatik.com\\\/fr\\\/contact\\\/\"]}]},{\"@type\":\"BreadcrumbList\",\"@id\":\"https:\\\/\\\/www.gesmatik.com\\\/fr\\\/contact\\\/#breadcrumb\",\"itemListElement\":[{\"@type\":\"ListItem\",\"position\":1,\"name\":\"Portada\",\"item\":\"https:\\\/\\\/www.gesmatik.com\\\/fr\\\/\"},{\"@type\":\"ListItem\",\"position\":2,\"name\":\"Contact\"}]},{\"@type\":\"WebSite\",\"@id\":\"https:\\\/\\\/www.gesmatik.com\\\/#website\",\"url\":\"https:\\\/\\\/www.gesmatik.com\\\/\",\"name\":\"Gesmatik\",\"description\":\"Gesti\u00f3n y control automatizado\",\"publisher\":{\"@id\":\"https:\\\/\\\/www.gesmatik.com\\\/#organization\"},\"potentialAction\":[{\"@type\":\"SearchAction\",\"target\":{\"@type\":\"EntryPoint\",\"urlTemplate\":\"https:\\\/\\\/www.gesmatik.com\\\/?s={search_term_string}\"},\"query-input\":{\"@type\":\"PropertyValueSpecification\",\"valueRequired\":true,\"valueName\":\"search_term_string\"}}],\"inLanguage\":\"fr-FR\"},{\"@type\":\"Organization\",\"@id\":\"https:\\\/\\\/www.gesmatik.com\\\/#organization\",\"name\":\"Gesmatik\",\"url\":\"https:\\\/\\\/www.gesmatik.com\\\/\",\"logo\":{\"@type\":\"ImageObject\",\"inLanguage\":\"fr-FR\",\"@id\":\"https:\\\/\\\/www.gesmatik.com\\\/#\\\/schema\\\/logo\\\/image\\\/\",\"url\":\"https:\\\/\\\/www.gesmatik.com\\\/wp-content\\\/uploads\\\/2020\\\/11\\\/gesmatik-logo.png\",\"contentUrl\":\"https:\\\/\\\/www.gesmatik.com\\\/wp-content\\\/uploads\\\/2020\\\/11\\\/gesmatik-logo.png\",\"width\":240,\"height\":42,\"caption\":\"Gesmatik\"},\"image\":{\"@id\":\"https:\\\/\\\/www.gesmatik.com\\\/#\\\/schema\\\/logo\\\/image\\\/\"}}]}<\/script>\n<!-- \/ Yoast SEO plugin. -->","yoast_head_json":{"title":"Contact - Gesmatik","robots":{"index":"index","follow":"follow","max-snippet":"max-snippet:-1","max-image-preview":"max-image-preview:large","max-video-preview":"max-video-preview:-1"},"canonical":"https:\/\/www.gesmatik.com\/fr\/contact\/","og_locale":"fr_FR","og_type":"article","og_title":"Contact - Gesmatik","og_url":"https:\/\/www.gesmatik.com\/fr\/contact\/","og_site_name":"Gesmatik","article_modified_time":"2023-09-22T10:00:14+00:00","twitter_card":"summary_large_image","twitter_misc":{"Dur\u00e9e de lecture estim\u00e9e":"2 minutes"},"schema":{"@context":"https:\/\/schema.org","@graph":[{"@type":"WebPage","@id":"https:\/\/www.gesmatik.com\/fr\/contact\/","url":"https:\/\/www.gesmatik.com\/fr\/contact\/","name":"Contact - Gesmatik","isPartOf":{"@id":"https:\/\/www.gesmatik.com\/#website"},"datePublished":"2021-01-26T11:59:30+00:00","dateModified":"2023-09-22T10:00:14+00:00","breadcrumb":{"@id":"https:\/\/www.gesmatik.com\/fr\/contact\/#breadcrumb"},"inLanguage":"fr-FR","potentialAction":[{"@type":"ReadAction","target":["https:\/\/www.gesmatik.com\/fr\/contact\/"]}]},{"@type":"BreadcrumbList","@id":"https:\/\/www.gesmatik.com\/fr\/contact\/#breadcrumb","itemListElement":[{"@type":"ListItem","position":1,"name":"Portada","item":"https:\/\/www.gesmatik.com\/fr\/"},{"@type":"ListItem","position":2,"name":"Contact"}]},{"@type":"WebSite","@id":"https:\/\/www.gesmatik.com\/#website","url":"https:\/\/www.gesmatik.com\/","name":"Gesmatik","description":"Gesti\u00f3n y control automatizado","publisher":{"@id":"https:\/\/www.gesmatik.com\/#organization"},"potentialAction":[{"@type":"SearchAction","target":{"@type":"EntryPoint","urlTemplate":"https:\/\/www.gesmatik.com\/?s={search_term_string}"},"query-input":{"@type":"PropertyValueSpecification","valueRequired":true,"valueName":"search_term_string"}}],"inLanguage":"fr-FR"},{"@type":"Organization","@id":"https:\/\/www.gesmatik.com\/#organization","name":"Gesmatik","url":"https:\/\/www.gesmatik.com\/","logo":{"@type":"ImageObject","inLanguage":"fr-FR","@id":"https:\/\/www.gesmatik.com\/#\/schema\/logo\/image\/","url":"https:\/\/www.gesmatik.com\/wp-content\/uploads\/2020\/11\/gesmatik-logo.png","contentUrl":"https:\/\/www.gesmatik.com\/wp-content\/uploads\/2020\/11\/gesmatik-logo.png","width":240,"height":42,"caption":"Gesmatik"},"image":{"@id":"https:\/\/www.gesmatik.com\/#\/schema\/logo\/image\/"}}]}},"_links":{"self":[{"href":"https:\/\/www.gesmatik.com\/fr\/wp-json\/wp\/v2\/pages\/242742","targetHints":{"allow":["GET"]}}],"collection":[{"href":"https:\/\/www.gesmatik.com\/fr\/wp-json\/wp\/v2\/pages"}],"about":[{"href":"https:\/\/www.gesmatik.com\/fr\/wp-json\/wp\/v2\/types\/page"}],"author":[{"embeddable":true,"href":"https:\/\/www.gesmatik.com\/fr\/wp-json\/wp\/v2\/users\/2"}],"replies":[{"embeddable":true,"href":"https:\/\/www.gesmatik.com\/fr\/wp-json\/wp\/v2\/comments?post=242742"}],"version-history":[{"count":7,"href":"https:\/\/www.gesmatik.com\/fr\/wp-json\/wp\/v2\/pages\/242742\/revisions"}],"predecessor-version":[{"id":244010,"href":"https:\/\/www.gesmatik.com\/fr\/wp-json\/wp\/v2\/pages\/242742\/revisions\/244010"}],"wp:attachment":[{"href":"https:\/\/www.gesmatik.com\/fr\/wp-json\/wp\/v2\/media?parent=242742"}],"curies":[{"name":"wp","href":"https:\/\/api.w.org\/{rel}","templated":true}]}}