{"id":242693,"date":"2021-01-26T11:34:58","date_gmt":"2021-01-26T10:34:58","guid":{"rendered":"http:\/\/www.gesmatik.com\/merci-davoir-telecharge-lebook\/"},"modified":"2021-01-26T11:34:59","modified_gmt":"2021-01-26T10:34:59","slug":"merci-davoir-telecharge-lebook","status":"publish","type":"page","link":"https:\/\/www.gesmatik.com\/fr\/merci-davoir-telecharge-lebook\/","title":{"rendered":"Merci d&rsquo;avoir t\u00e9l\u00e9charg\u00e9 l&rsquo;ebook."},"content":{"rendered":"\n<style type=\"text\/css\" data-created_by=\"avia_inline_auto\" id=\"style-css-av-dsr0o-178141d418c2610be95962181cb53f5d\">\n.avia-section.av-dsr0o-178141d418c2610be95962181cb53f5d{\nbackground-color:#58a618;\nbackground-image:url(https:\/\/www.gesmatik.com\/wp-content\/uploads\/2020\/12\/fondo-cuadros-2-2.png);\nbackground-repeat:no-repeat;\nbackground-position:0% 50%;\nbackground-attachment:scroll;\n}\n<\/style>\n<div id='av_section_1'  class='avia-section av-dsr0o-178141d418c2610be95962181cb53f5d main_color avia-section-default avia-no-border-styling  avia-builder-el-0  el_before_av_section  avia-builder-el-first  avia-bg-style-scroll container_wrap sidebar_right'  data-section-bg-repeat='no-repeat'><div class='container av-section-cont-open' ><main  role=\"main\" itemprop=\"mainContentOfPage\"  class='template-page content  av-content-small alpha units'><div class='post-entry post-entry-type-page post-entry-242693'><div class='entry-content-wrapper clearfix'>\n\n<style type=\"text\/css\" data-created_by=\"avia_inline_auto\" id=\"style-css-av-kj18cc95-03f60c27248f2ca55f2a94d199c6d0b8\">\n#top .av-special-heading.av-kj18cc95-03f60c27248f2ca55f2a94d199c6d0b8{\npadding-bottom:0;\n}\nbody .av-special-heading.av-kj18cc95-03f60c27248f2ca55f2a94d199c6d0b8 .av-special-heading-tag .heading-char{\nfont-size:25px;\n}\n.av-special-heading.av-kj18cc95-03f60c27248f2ca55f2a94d199c6d0b8 .av-subheading{\nfont-size:15px;\n}\n<\/style>\n<div  class='av-special-heading av-kj18cc95-03f60c27248f2ca55f2a94d199c6d0b8 av-special-heading-h1 blockquote modern-quote modern-centered  avia-builder-el-1  avia-builder-el-no-sibling '><h1 class='av-special-heading-tag '  itemprop=\"headline\"  >Merci d\u2019avoir t\u00e9l\u00e9charg\u00e9 l\u2019ebook EPIS Smart Stock Control 4.0. <\/h1><div class=\"special-heading-border\"><div class=\"special-heading-inner-border\"><\/div><\/div><\/div>\n\n<\/div><\/div><\/main><!-- close content main element --><\/div><\/div>\n<style type=\"text\/css\" data-created_by=\"avia_inline_auto\" id=\"style-css-av-kiinw3x6-e4dd278795c7783b969feeae3a152070\">\n.avia-section.av-kiinw3x6-e4dd278795c7783b969feeae3a152070 .av-extra-border-element .av-extra-border-inner{\nbackground-color:#58a618;\n}\n<\/style>\n<div id='av_section_2'  class='avia-section av-kiinw3x6-e4dd278795c7783b969feeae3a152070 main_color avia-section-default avia-no-border-styling  avia-builder-el-2  el_after_av_section  el_before_av_section  avia-bg-style-scroll container_wrap sidebar_right'  ><div class='container av-section-cont-open' ><div class='template-page content  av-content-small alpha units'><div class='post-entry post-entry-type-page post-entry-242693'><div class='entry-content-wrapper clearfix'>\n\n<style type=\"text\/css\" data-created_by=\"avia_inline_auto\" id=\"style-css-av-29jars-44cd7860f256c46aba96b181a7b52059\">\n.flex_column.av-29jars-44cd7860f256c46aba96b181a7b52059{\nborder-radius:0px 0px 0px 0px;\npadding:0px 0px 0px 0px;\n}\n<\/style>\n<div  class='flex_column av-29jars-44cd7860f256c46aba96b181a7b52059 av_one_half  avia-builder-el-3  el_before_av_one_half  avia-builder-el-first  first flex_column_div av-zero-column-padding  '     ><style type=\"text\/css\" data-created_by=\"avia_inline_auto\" id=\"style-css-av-kiimzn2k-4408160de8c62c80352a370bf1fe1311\">\n.avia-image-container.av-kiimzn2k-4408160de8c62c80352a370bf1fe1311 img.avia_image{\nbox-shadow:none;\n}\n.avia-image-container.av-kiimzn2k-4408160de8c62c80352a370bf1fe1311 .av-image-caption-overlay-center{\ncolor:#ffffff;\n}\n<\/style>\n<div  class='avia-image-container av-kiimzn2k-4408160de8c62c80352a370bf1fe1311 av-styling- avia-align-center  avia-builder-el-4  avia-builder-el-no-sibling '   itemprop=\"image\" itemscope=\"itemscope\" itemtype=\"https:\/\/schema.org\/ImageObject\" ><div class=\"avia-image-container-inner\"><div class=\"avia-image-overlay-wrap\"><img decoding=\"async\" fetchpriority=\"high\" class='wp-image-241393 avia-img-lazy-loading-not-241393 avia_image ' src=\"https:\/\/www.gesmatik.com\/wp-content\/uploads\/2018\/04\/ebook-cover.png\" alt='Ebook EPIS Smart Stock Control 4.0 de Gesmatik' title='ebook-cover'  height=\"437\" width=\"300\"  itemprop=\"thumbnailUrl\" srcset=\"https:\/\/www.gesmatik.com\/wp-content\/uploads\/2018\/04\/ebook-cover.png 300w, https:\/\/www.gesmatik.com\/wp-content\/uploads\/2018\/04\/ebook-cover-206x300.png 206w\" sizes=\"(max-width: 300px) 100vw, 300px\" \/><\/div><\/div><\/div><\/div>\n<style type=\"text\/css\" data-created_by=\"avia_inline_auto\" id=\"style-css-av-7ms80-d0f2d3b639a2069009548b5bd3e63613\">\n.flex_column.av-7ms80-d0f2d3b639a2069009548b5bd3e63613{\nborder-radius:0px 0px 0px 0px;\npadding:0px 0px 0px 0px;\n}\n<\/style>\n<div  class='flex_column av-7ms80-d0f2d3b639a2069009548b5bd3e63613 av_one_half  avia-builder-el-5  el_after_av_one_half  avia-builder-el-last  flex_column_div av-zero-column-padding  '     ><section  class='av_textblock_section av-kiin0aht-93e9bdff3c21127dabe6c140c8e649b8 '   itemscope=\"itemscope\" itemtype=\"https:\/\/schema.org\/CreativeWork\" ><div class='avia_textblock'  itemprop=\"text\" ><p style=\"text-align: center;\"><strong><span class=\"VIiyi\" lang=\"fr\"><span class=\"JLqJ4b ChMk0b\" data-language-for-alternatives=\"fr\" data-language-to-translate-into=\"es\" data-phrase-index=\"0\">Cliquez sur le bouton pour t\u00e9l\u00e9charger notre eBook<\/span><\/span>:<\/strong><\/p>\n<\/div><\/section><br \/>\n\n<style type=\"text\/css\" data-created_by=\"avia_inline_auto\" id=\"style-css-av-kj18k96p-fd4be1e148e273e3ada235702831b690\">\n#top .hr.hr-invisible.av-kj18k96p-fd4be1e148e273e3ada235702831b690{\nheight:20px;\n}\n<\/style>\n<div  class='hr av-kj18k96p-fd4be1e148e273e3ada235702831b690 hr-invisible  avia-builder-el-7  el_after_av_textblock  el_before_av_button '><span class='hr-inner '><span class=\"hr-inner-style\"><\/span><\/span><\/div><br \/>\n<div  class='avia-button-wrap av-kj18fcoe-9501f197b5c280b10290c31223c42026-wrap avia-button-center  avia-builder-el-8  el_after_av_hr  el_before_av_heading '><a href='http:\/\/www.gesmatik.com\/wp-content\/uploads\/2020\/12\/GESMATIK-eBook-new-min.pdf'  class='avia-button av-kj18fcoe-9501f197b5c280b10290c31223c42026 av-link-btn avia-icon_select-yes-left-icon avia-size-x-large avia-position-center avia-color-theme-color'  target=\"_blank\"  rel=\"noopener noreferrer\"  aria-label=\"T\u00e9l\u00e9chargez l\u2019ebook \"><span class='avia_button_icon avia_button_icon_left avia-iconfont avia-font-entypo-fontello' data-av_icon='\ue87f' data-av_iconfont='entypo-fontello' ><\/span><span class='avia_iconbox_title' >T\u00e9l\u00e9chargez l\u2019ebook <\/span><\/a><\/div><br \/>\n\n<style type=\"text\/css\" data-created_by=\"avia_inline_auto\" id=\"style-css-av-kj18ol9h-1a43e00871fbb083b05bb723e25939ab\">\n#top .av-special-heading.av-kj18ol9h-1a43e00871fbb083b05bb723e25939ab{\npadding-bottom:10px;\n}\nbody .av-special-heading.av-kj18ol9h-1a43e00871fbb083b05bb723e25939ab .av-special-heading-tag .heading-char{\nfont-size:25px;\n}\n.av-special-heading.av-kj18ol9h-1a43e00871fbb083b05bb723e25939ab .av-subheading{\nfont-size:15px;\n}\n<\/style>\n<div  class='av-special-heading av-kj18ol9h-1a43e00871fbb083b05bb723e25939ab av-special-heading-h2 blockquote modern-quote  avia-builder-el-9  el_after_av_button  el_before_av_textblock '><h2 class='av-special-heading-tag '  itemprop=\"headline\"  >Technologie sp\u00e9cialement d\u00e9velopp\u00e9e pour une utilisation dans la distribution industrielle<\/h2><div class=\"special-heading-border\"><div class=\"special-heading-inner-border\"><\/div><\/div><\/div><br \/>\n<section  class='av_textblock_section av-kiin0aht-93e9bdff3c21127dabe6c140c8e649b8 '   itemscope=\"itemscope\" itemtype=\"https:\/\/schema.org\/CreativeWork\" ><div class='avia_textblock'  itemprop=\"text\" ><ul>\n<li><span class=\"VIiyi\" lang=\"fr\"><span class=\"JLqJ4b ChMk0b\" data-language-for-alternatives=\"fr\" data-language-to-translate-into=\"es\" data-phrase-index=\"0\">Syst\u00e8me brevet\u00e9.<\/span> <\/span><\/li>\n<li><span class=\"VIiyi\" lang=\"fr\"><span class=\"JLqJ4b ChMk0b\" data-language-for-alternatives=\"fr\" data-language-to-translate-into=\"es\" data-phrase-index=\"2\">Modulaire et configurable pour les besoins de chaque client.<\/span> <\/span><\/li>\n<li><span class=\"VIiyi\" lang=\"fr\"><span class=\"JLqJ4b ChMk0b\" data-language-for-alternatives=\"fr\" data-language-to-translate-into=\"es\" data-phrase-index=\"4\">Diff\u00e9rentes options de reconnaissance: cartes de proximit\u00e9, empreinte digitale, code num\u00e9rique &#8230;<\/span> <\/span><\/li>\n<li><span class=\"VIiyi\" lang=\"fr\"><span class=\"JLqJ4b ChMk0b\" data-language-for-alternatives=\"fr\" data-language-to-translate-into=\"es\" data-phrase-index=\"6\">Nous nous adaptons aux syst\u00e8mes de reconnaissance de votre entreprise ou organisation.<\/span> <span class=\"JLqJ4b ChMk0b\" data-language-for-alternatives=\"fr\" data-language-to-translate-into=\"es\" data-phrase-index=\"8\">Temps de remplacement minimum.<\/span> <\/span><\/li>\n<li><span class=\"VIiyi\" lang=\"fr\"><span class=\"JLqJ4b ChMk0b\" data-language-for-alternatives=\"fr\" data-language-to-translate-into=\"es\" data-phrase-index=\"10\">Pas de confitures ni de chicots.<\/span> <\/span><\/li>\n<li><span class=\"VIiyi\" lang=\"fr\"><span class=\"JLqJ4b ChMk0b\" data-language-for-alternatives=\"fr\" data-language-to-translate-into=\"es\" data-phrase-index=\"12\">Logiciel dans un environnement Web accessible depuis n&rsquo;importe quel ordinateur ou appareil mobile.<\/span> <\/span><\/li>\n<li><span class=\"VIiyi\" lang=\"fr\"><span class=\"JLqJ4b ChMk0b\" data-language-for-alternatives=\"fr\" data-language-to-translate-into=\"es\" data-phrase-index=\"14\">Possibilit\u00e9 d&rsquo;int\u00e9gration avec votre ERP ou syst\u00e8me informatique.<\/span><\/span><\/li>\n<\/ul>\n<\/div><\/section><br \/>\n\n<style type=\"text\/css\" data-created_by=\"avia_inline_auto\" id=\"style-css-av-kj18k96p-b5139282095cb7764a50a64684aa70d9\">\n#top .hr.hr-invisible.av-kj18k96p-b5139282095cb7764a50a64684aa70d9{\nheight:100px;\n}\n<\/style>\n<div  class='hr av-kj18k96p-b5139282095cb7764a50a64684aa70d9 hr-invisible  avia-builder-el-11  el_after_av_textblock  avia-builder-el-last '><span class='hr-inner '><span class=\"hr-inner-style\"><\/span><\/span><\/div><\/p><\/div><\/div><\/div><\/div><!-- close content main div --><\/div><div class='av-extra-border-element border-extra-diagonal border-extra-diagonal-inverse '><div class='av-extra-border-outer'><div class='av-extra-border-inner'><\/div><\/div><\/div><\/div>\n<style type=\"text\/css\" data-created_by=\"avia_inline_auto\" id=\"style-css-av-kiio3qgo-2a13dcebf14023964be4d12b02a445f6\">\n.avia-section.av-kiio3qgo-2a13dcebf14023964be4d12b02a445f6{\nbackground-color:#58a618;\nbackground:linear-gradient( to bottom, #58a618, #3e6d04 );\n}\n<\/style>\n<div id='av_section_3'  class='avia-section av-kiio3qgo-2a13dcebf14023964be4d12b02a445f6 main_color avia-section-default avia-no-border-styling  avia-builder-el-12  el_after_av_section  avia-builder-el-last  fondoverde avia-bg-style-scroll container_wrap sidebar_right'  ><div class='container av-section-cont-open' ><div class='template-page content  av-content-small alpha units'><div class='post-entry post-entry-type-page post-entry-242693'><div class='entry-content-wrapper clearfix'>\n\n<style type=\"text\/css\" data-created_by=\"avia_inline_auto\" id=\"style-css-av-bw2qo-b2b45076ba10459db6072445bd1d0266\">\n.flex_column.av-bw2qo-b2b45076ba10459db6072445bd1d0266{\nborder-radius:0px 0px 0px 0px;\npadding:0px 0px 0px 0px;\n}\n<\/style>\n<div  class='flex_column av-bw2qo-b2b45076ba10459db6072445bd1d0266 av_one_fourth  avia-builder-el-13  el_before_av_one_half  avia-builder-el-first  first flex_column_div av-zero-column-padding  '     ><\/div>\n<style type=\"text\/css\" data-created_by=\"avia_inline_auto\" id=\"style-css-av-bw2qo-fe1a9c3c3575e1bd47ee59b8209f8d32\">\n.flex_column.av-bw2qo-fe1a9c3c3575e1bd47ee59b8209f8d32{\nborder-radius:0px 0px 0px 0px;\npadding:0px 0px 0px 0px;\n}\n<\/style>\n<div  class='flex_column av-bw2qo-fe1a9c3c3575e1bd47ee59b8209f8d32 av_one_half  avia-builder-el-14  el_after_av_one_fourth  el_before_av_one_fourth  flex_column_div av-zero-column-padding  '     ><style type=\"text\/css\" data-created_by=\"avia_inline_auto\" id=\"style-css-av-kj164the-5012e40ff00252e067357cff4f0da12b\">\n#top .av-special-heading.av-kj164the-5012e40ff00252e067357cff4f0da12b{\npadding-bottom:0;\n}\nbody .av-special-heading.av-kj164the-5012e40ff00252e067357cff4f0da12b .av-special-heading-tag .heading-char{\nfont-size:25px;\n}\n.av-special-heading.av-kj164the-5012e40ff00252e067357cff4f0da12b .av-subheading{\nfont-size:15px;\n}\n<\/style>\n<div  class='av-special-heading av-kj164the-5012e40ff00252e067357cff4f0da12b av-special-heading-h2 blockquote modern-quote modern-centered  avia-builder-el-15  avia-builder-el-no-sibling '><h2 class='av-special-heading-tag '  itemprop=\"headline\"  >As-tu besoin de plus d\u2019informations? <\/h2><div class=\"special-heading-border\"><div class=\"special-heading-inner-border\"><\/div><\/div><\/div><\/div>\n<style type=\"text\/css\" data-created_by=\"avia_inline_auto\" id=\"style-css-av-bw2qo-fe1a9c3c3575e1bd47ee59b8209f8d32\">\n.flex_column.av-bw2qo-fe1a9c3c3575e1bd47ee59b8209f8d32{\nborder-radius:0px 0px 0px 0px;\npadding:0px 0px 0px 0px;\n}\n<\/style>\n<div  class='flex_column av-bw2qo-fe1a9c3c3575e1bd47ee59b8209f8d32 av_one_fourth  avia-builder-el-16  el_after_av_one_half  el_before_av_hr  flex_column_div av-zero-column-padding  '     ><\/div>\n<style type=\"text\/css\" data-created_by=\"avia_inline_auto\" id=\"style-css-av-kiiox28q-89f03c800c9454202be79b11ba94e1a3\">\n#top .hr.hr-invisible.av-kiiox28q-89f03c800c9454202be79b11ba94e1a3{\nheight:30px;\n}\n<\/style>\n<div  class='hr av-kiiox28q-89f03c800c9454202be79b11ba94e1a3 hr-invisible  avia-builder-el-17  el_after_av_one_fourth  el_before_av_button '><span class='hr-inner '><span class=\"hr-inner-style\"><\/span><\/span><\/div>\n<div  class='avia-button-wrap av-kiin63hr-14752b217c518fc5535252470c6d280a-wrap avia-button-center  avia-builder-el-18  el_after_av_hr  avia-builder-el-last '><a href='https:\/\/www.gesmatik.com\/contacto\/'  class='avia-button av-kiin63hr-14752b217c518fc5535252470c6d280a av-link-btn avia-icon_select-no avia-size-x-large avia-position-center avia-color-light'   aria-label=\"Nous contacter\"><span class='avia_iconbox_title' >Nous contacter<\/span><\/a><\/div>\n<\/div><\/div><\/div><!-- close content main div --><\/div><\/div><div id='after_section_3'  class='main_color av_default_container_wrap container_wrap sidebar_right'  ><div class='container av-section-cont-open' ><div class='template-page content  av-content-small alpha units'><div class='post-entry post-entry-type-page post-entry-242693'><div class='entry-content-wrapper clearfix'><\/p>\n","protected":false},"excerpt":{"rendered":"","protected":false},"author":1,"featured_media":0,"parent":0,"menu_order":0,"comment_status":"closed","ping_status":"closed","template":"","meta":{"footnotes":""},"class_list":["post-242693","page","type-page","status-publish","hentry"],"yoast_head":"<!-- This site is optimized with the Yoast SEO plugin v27.3 - https:\/\/yoast.com\/product\/yoast-seo-wordpress\/ -->\n<title>Merci d&#039;avoir t\u00e9l\u00e9charg\u00e9 l&#039;ebook. - Gesmatik<\/title>\n<meta name=\"robots\" content=\"index, follow, max-snippet:-1, max-image-preview:large, max-video-preview:-1\" \/>\n<link rel=\"canonical\" href=\"https:\/\/www.gesmatik.com\/fr\/merci-davoir-telecharge-lebook\/\" \/>\n<meta property=\"og:locale\" content=\"fr_FR\" \/>\n<meta property=\"og:type\" content=\"article\" \/>\n<meta property=\"og:title\" content=\"Merci d&#039;avoir t\u00e9l\u00e9charg\u00e9 l&#039;ebook. - Gesmatik\" \/>\n<meta property=\"og:url\" content=\"https:\/\/www.gesmatik.com\/fr\/merci-davoir-telecharge-lebook\/\" \/>\n<meta property=\"og:site_name\" content=\"Gesmatik\" \/>\n<meta property=\"article:modified_time\" content=\"2021-01-26T10:34:59+00:00\" \/>\n<meta name=\"twitter:card\" content=\"summary_large_image\" \/>\n<meta name=\"twitter:label1\" content=\"Dur\u00e9e de lecture estim\u00e9e\" \/>\n\t<meta name=\"twitter:data1\" content=\"9 minutes\" \/>\n<script type=\"application\/ld+json\" class=\"yoast-schema-graph\">{\"@context\":\"https:\\\/\\\/schema.org\",\"@graph\":[{\"@type\":\"WebPage\",\"@id\":\"https:\\\/\\\/www.gesmatik.com\\\/fr\\\/merci-davoir-telecharge-lebook\\\/\",\"url\":\"https:\\\/\\\/www.gesmatik.com\\\/fr\\\/merci-davoir-telecharge-lebook\\\/\",\"name\":\"Merci d'avoir t\u00e9l\u00e9charg\u00e9 l'ebook. - Gesmatik\",\"isPartOf\":{\"@id\":\"https:\\\/\\\/www.gesmatik.com\\\/#website\"},\"datePublished\":\"2021-01-26T10:34:58+00:00\",\"dateModified\":\"2021-01-26T10:34:59+00:00\",\"breadcrumb\":{\"@id\":\"https:\\\/\\\/www.gesmatik.com\\\/fr\\\/merci-davoir-telecharge-lebook\\\/#breadcrumb\"},\"inLanguage\":\"fr-FR\",\"potentialAction\":[{\"@type\":\"ReadAction\",\"target\":[\"https:\\\/\\\/www.gesmatik.com\\\/fr\\\/merci-davoir-telecharge-lebook\\\/\"]}]},{\"@type\":\"BreadcrumbList\",\"@id\":\"https:\\\/\\\/www.gesmatik.com\\\/fr\\\/merci-davoir-telecharge-lebook\\\/#breadcrumb\",\"itemListElement\":[{\"@type\":\"ListItem\",\"position\":1,\"name\":\"Portada\",\"item\":\"https:\\\/\\\/www.gesmatik.com\\\/fr\\\/\"},{\"@type\":\"ListItem\",\"position\":2,\"name\":\"Merci d&rsquo;avoir t\u00e9l\u00e9charg\u00e9 l&rsquo;ebook.\"}]},{\"@type\":\"WebSite\",\"@id\":\"https:\\\/\\\/www.gesmatik.com\\\/#website\",\"url\":\"https:\\\/\\\/www.gesmatik.com\\\/\",\"name\":\"Gesmatik\",\"description\":\"Gesti\u00f3n y control automatizado\",\"publisher\":{\"@id\":\"https:\\\/\\\/www.gesmatik.com\\\/#organization\"},\"potentialAction\":[{\"@type\":\"SearchAction\",\"target\":{\"@type\":\"EntryPoint\",\"urlTemplate\":\"https:\\\/\\\/www.gesmatik.com\\\/?s={search_term_string}\"},\"query-input\":{\"@type\":\"PropertyValueSpecification\",\"valueRequired\":true,\"valueName\":\"search_term_string\"}}],\"inLanguage\":\"fr-FR\"},{\"@type\":\"Organization\",\"@id\":\"https:\\\/\\\/www.gesmatik.com\\\/#organization\",\"name\":\"Gesmatik\",\"url\":\"https:\\\/\\\/www.gesmatik.com\\\/\",\"logo\":{\"@type\":\"ImageObject\",\"inLanguage\":\"fr-FR\",\"@id\":\"https:\\\/\\\/www.gesmatik.com\\\/#\\\/schema\\\/logo\\\/image\\\/\",\"url\":\"https:\\\/\\\/www.gesmatik.com\\\/wp-content\\\/uploads\\\/2020\\\/11\\\/gesmatik-logo.png\",\"contentUrl\":\"https:\\\/\\\/www.gesmatik.com\\\/wp-content\\\/uploads\\\/2020\\\/11\\\/gesmatik-logo.png\",\"width\":240,\"height\":42,\"caption\":\"Gesmatik\"},\"image\":{\"@id\":\"https:\\\/\\\/www.gesmatik.com\\\/#\\\/schema\\\/logo\\\/image\\\/\"}}]}<\/script>\n<!-- \/ Yoast SEO plugin. -->","yoast_head_json":{"title":"Merci d'avoir t\u00e9l\u00e9charg\u00e9 l'ebook. - Gesmatik","robots":{"index":"index","follow":"follow","max-snippet":"max-snippet:-1","max-image-preview":"max-image-preview:large","max-video-preview":"max-video-preview:-1"},"canonical":"https:\/\/www.gesmatik.com\/fr\/merci-davoir-telecharge-lebook\/","og_locale":"fr_FR","og_type":"article","og_title":"Merci d'avoir t\u00e9l\u00e9charg\u00e9 l'ebook. - Gesmatik","og_url":"https:\/\/www.gesmatik.com\/fr\/merci-davoir-telecharge-lebook\/","og_site_name":"Gesmatik","article_modified_time":"2021-01-26T10:34:59+00:00","twitter_card":"summary_large_image","twitter_misc":{"Dur\u00e9e de lecture estim\u00e9e":"9 minutes"},"schema":{"@context":"https:\/\/schema.org","@graph":[{"@type":"WebPage","@id":"https:\/\/www.gesmatik.com\/fr\/merci-davoir-telecharge-lebook\/","url":"https:\/\/www.gesmatik.com\/fr\/merci-davoir-telecharge-lebook\/","name":"Merci d'avoir t\u00e9l\u00e9charg\u00e9 l'ebook. - Gesmatik","isPartOf":{"@id":"https:\/\/www.gesmatik.com\/#website"},"datePublished":"2021-01-26T10:34:58+00:00","dateModified":"2021-01-26T10:34:59+00:00","breadcrumb":{"@id":"https:\/\/www.gesmatik.com\/fr\/merci-davoir-telecharge-lebook\/#breadcrumb"},"inLanguage":"fr-FR","potentialAction":[{"@type":"ReadAction","target":["https:\/\/www.gesmatik.com\/fr\/merci-davoir-telecharge-lebook\/"]}]},{"@type":"BreadcrumbList","@id":"https:\/\/www.gesmatik.com\/fr\/merci-davoir-telecharge-lebook\/#breadcrumb","itemListElement":[{"@type":"ListItem","position":1,"name":"Portada","item":"https:\/\/www.gesmatik.com\/fr\/"},{"@type":"ListItem","position":2,"name":"Merci d&rsquo;avoir t\u00e9l\u00e9charg\u00e9 l&rsquo;ebook."}]},{"@type":"WebSite","@id":"https:\/\/www.gesmatik.com\/#website","url":"https:\/\/www.gesmatik.com\/","name":"Gesmatik","description":"Gesti\u00f3n y control automatizado","publisher":{"@id":"https:\/\/www.gesmatik.com\/#organization"},"potentialAction":[{"@type":"SearchAction","target":{"@type":"EntryPoint","urlTemplate":"https:\/\/www.gesmatik.com\/?s={search_term_string}"},"query-input":{"@type":"PropertyValueSpecification","valueRequired":true,"valueName":"search_term_string"}}],"inLanguage":"fr-FR"},{"@type":"Organization","@id":"https:\/\/www.gesmatik.com\/#organization","name":"Gesmatik","url":"https:\/\/www.gesmatik.com\/","logo":{"@type":"ImageObject","inLanguage":"fr-FR","@id":"https:\/\/www.gesmatik.com\/#\/schema\/logo\/image\/","url":"https:\/\/www.gesmatik.com\/wp-content\/uploads\/2020\/11\/gesmatik-logo.png","contentUrl":"https:\/\/www.gesmatik.com\/wp-content\/uploads\/2020\/11\/gesmatik-logo.png","width":240,"height":42,"caption":"Gesmatik"},"image":{"@id":"https:\/\/www.gesmatik.com\/#\/schema\/logo\/image\/"}}]}},"_links":{"self":[{"href":"https:\/\/www.gesmatik.com\/fr\/wp-json\/wp\/v2\/pages\/242693","targetHints":{"allow":["GET"]}}],"collection":[{"href":"https:\/\/www.gesmatik.com\/fr\/wp-json\/wp\/v2\/pages"}],"about":[{"href":"https:\/\/www.gesmatik.com\/fr\/wp-json\/wp\/v2\/types\/page"}],"author":[{"embeddable":true,"href":"https:\/\/www.gesmatik.com\/fr\/wp-json\/wp\/v2\/users\/1"}],"replies":[{"embeddable":true,"href":"https:\/\/www.gesmatik.com\/fr\/wp-json\/wp\/v2\/comments?post=242693"}],"version-history":[{"count":2,"href":"https:\/\/www.gesmatik.com\/fr\/wp-json\/wp\/v2\/pages\/242693\/revisions"}],"predecessor-version":[{"id":242695,"href":"https:\/\/www.gesmatik.com\/fr\/wp-json\/wp\/v2\/pages\/242693\/revisions\/242695"}],"wp:attachment":[{"href":"https:\/\/www.gesmatik.com\/fr\/wp-json\/wp\/v2\/media?parent=242693"}],"curies":[{"name":"wp","href":"https:\/\/api.w.org\/{rel}","templated":true}]}}