{"id":242691,"date":"2021-01-26T11:18:18","date_gmt":"2021-01-26T10:18:18","guid":{"rendered":"http:\/\/www.gesmatik.com\/politique-de-confidentialite\/"},"modified":"2024-05-09T09:02:59","modified_gmt":"2024-05-09T07:02:59","slug":"politique-de-confidentialite","status":"publish","type":"page","link":"https:\/\/www.gesmatik.com\/fr\/politique-de-confidentialite\/","title":{"rendered":"Politique de confidentialit\u00e9"},"content":{"rendered":"\n<style type=\"text\/css\" data-created_by=\"avia_inline_auto\" id=\"style-css-av-dsr0o-178141d418c2610be95962181cb53f5d\">\n.avia-section.av-dsr0o-178141d418c2610be95962181cb53f5d{\nbackground-color:#58a618;\nbackground-image:url(https:\/\/www.gesmatik.com\/wp-content\/uploads\/2020\/12\/fondo-cuadros-2-2.png);\nbackground-repeat:no-repeat;\nbackground-position:0% 50%;\nbackground-attachment:scroll;\n}\n<\/style>\n<div id='av_section_1'  class='avia-section av-dsr0o-178141d418c2610be95962181cb53f5d main_color avia-section-default avia-no-border-styling  avia-builder-el-0  el_before_av_textblock  avia-builder-el-first  avia-bg-style-scroll container_wrap sidebar_right'  data-section-bg-repeat='no-repeat'><div class='container av-section-cont-open' ><main  role=\"main\" itemprop=\"mainContentOfPage\"  class='template-page content  av-content-small alpha units'><div class='post-entry post-entry-type-page post-entry-242691'><div class='entry-content-wrapper clearfix'>\n\n<style type=\"text\/css\" data-created_by=\"avia_inline_auto\" id=\"style-css-av-kkf7qynl-343fbc8bb88380ce435dc9132a96681a\">\n#top .av-special-heading.av-kkf7qynl-343fbc8bb88380ce435dc9132a96681a{\npadding-bottom:0;\n}\nbody .av-special-heading.av-kkf7qynl-343fbc8bb88380ce435dc9132a96681a .av-special-heading-tag .heading-char{\nfont-size:25px;\n}\n.av-special-heading.av-kkf7qynl-343fbc8bb88380ce435dc9132a96681a .av-subheading{\nfont-size:15px;\n}\n<\/style>\n<div  class='av-special-heading av-kkf7qynl-343fbc8bb88380ce435dc9132a96681a av-special-heading-h1 blockquote modern-quote modern-centered  avia-builder-el-1  avia-builder-el-no-sibling '><h1 class='av-special-heading-tag '  itemprop=\"headline\"  >Politique de confidentialit\u00e9 <\/h1><div class=\"special-heading-border\"><div class=\"special-heading-inner-border\"><\/div><\/div><\/div>\n<\/div><\/div><\/main><!-- close content main element --><\/div><\/div><div id='after_section_1'  class='main_color av_default_container_wrap container_wrap sidebar_right'  ><div class='container av-section-cont-open' ><div class='template-page content  av-content-small alpha units'><div class='post-entry post-entry-type-page post-entry-242691'><div class='entry-content-wrapper clearfix'>\n<section  class='av_textblock_section av-qd9o-19b0d411720e168757260af386e69e6c '   itemscope=\"itemscope\" itemtype=\"https:\/\/schema.org\/CreativeWork\" ><div class='avia_textblock'  itemprop=\"text\" ><div id=\"content\" class=\"sixteen columns\">\n<article id=\"post-3314\" class=\"post-3314 page type-page status-publish hentry\">\n<div class=\"entry\">\n<h3>1. OBJET DU SITE INTERNET<\/h3>\n<p>Les pr\u00e9sentes mentions l\u00e9gales d\u00e9finissent les conditions g\u00e9n\u00e9rales d\u2019utilisation des produits propos\u00e9s par la soci\u00e9t\u00e9 Vending Modular S.L., \u00e0 l\u2019\u00e9gard des personnes qui l\u2019utilisent (ci-apr\u00e8s UTILISATEUR). Cette page Web a \u00e9t\u00e9 d\u00e9velopp\u00e9e afin d\u2019offrir \u00e0 l\u2019UTILISATEUR un syst\u00e8me facile \u00e0 utiliser et fiable en ce qui concerne la collecte d\u2019informations par Vending Modular S.L \u2026<br \/>\nLe propri\u00e9taire du domaine (www.vendingmodular.com) et en charge de la conception, du contenu, du d\u00e9veloppement informatique et de la maintenance technique est Vending Modular S.L. domicili\u00e9 \u00e0 l\u2019adresse : Uzbina n\u00ba 24, Vitoria-Gasteiz, \u00c1lava.<\/p>\n<h3>2. PROTECTION DES DONN\u00c9ES<\/h3>\n<p>Conform\u00e9ment aux dispositions de la loi organique 15\/1999 du 13 d\u00e9cembre relative \u00e0 la protection des donn\u00e9es personnelles, l\u2019UTILISATEUR consent \u00e0 l\u2019inclusion de ses donn\u00e9es dans un fichier appartenant \u00e0 Vending Modular SL, et \u00e0 ce qu\u2019elles soient utilis\u00e9es \u00e0 des fins d\u2019information en cas d\u2019abonnement \u00e0 des newsletters. De m\u00eame, l\u2019UTILISATEUR d\u00e9clare \u00eatre inform\u00e9 des droits d\u2019acc\u00e8s, de rectification, annulation et opposition qui peuvent \u00eatre exerc\u00e9s \u00e0 l\u2019adresse de Vending Modular S.L. : Uzbina n\u00ba 24, Vitoria-Gasteiz, \u00c1lava (Espagne) ou en envoyant un message \u00e0 l\u2019adresse e-mail info@gesmatik.com\u201d.<\/p>\n<h3>3. ACC\u00c8S ET UTILISATION<\/h3>\n<p>Les personnes qui acc\u00e8dent \u00e0 ce site Web et \/ ou utilisent des informations ou effectuent des transactions commerciales \u00e0 travers celui-ci, acqui\u00e8rent le statut d\u2019UTILISATEURS en s\u2019engageant au strict respect des dispositions \u00e9tablies ici, ainsi qu\u2019\u00e0 tout autre qui n\u2019est pas juridiquement applicable. L\u2019UTILISATEUR est inform\u00e9 que les conditions g\u00e9n\u00e9rales d\u2019utilisation de ce site peuvent \u00eatre modifi\u00e9es sans notification pr\u00e9alable.<\/p>\n<h3>4. CONTENUS<\/h3>\n<p>Les \u00e9l\u00e9ments pr\u00e9sents sur ce site, tant la conception, le contenu, le d\u00e9veloppement informatique et la maintenance technique, sont prot\u00e9g\u00e9s par les r\u00e9glementations en mati\u00e8re de propri\u00e9t\u00e9 intellectuelle et industrielle.<\/p>\n<p>Toute utilisation impliquant la reproduction totale ou partielle, la distribution, la transformation et la commercialisation, n\u2019est pas autoris\u00e9e et n\u00e9cessite en tout cas une autorisation \u00e9crite pr\u00e9alable de Vending Modular S.L.<\/p>\n<h3>5. RESPONSABILIT\u00c9<\/h3>\n<p>Tous les liens qui m\u00e8nent \u00e0 cette page Web peuvent ne pas montrer, directement ou indirectement, des indications fausses, inexactes ou d\u00e9routantes. De m\u00eame, Vending Modular S.L. n\u2019est pas responsable du fait que les liens externes soient toujours op\u00e9rationnels.<br \/>\nLe site Web a \u00e9t\u00e9 test\u00e9 et est p\u00e9riodiquement r\u00e9vis\u00e9 pour garantir la s\u00e9curit\u00e9 et l\u2019absence de virus sur vos syst\u00e8mes. De m\u00eame, le bon fonctionnement technique est garanti, cependant, la possibilit\u00e9 d\u2019une \u00e9ventuelle erreur de programmation ou de causes de force majeure rendant impossible l\u2019acc\u00e8s au site Web n\u2019est pas exclue. Dans ce cas, nous agirons avec la plus grande diligence jusqu\u2019\u00e0 ce que le probl\u00e8me soit corrig\u00e9 dans les plus brefs d\u00e9lais.<\/p>\n<h3>6. LEGISLATION APLICABLE<\/h3>\n<p>Pour la r\u00e9solution de toute controverse ou des questions li\u00e9es \u00e0 ce site Web, la l\u00e9gislation espagnole s\u2019appliquera, les parties intervenant se soumettant express\u00e9ment aux cours et tribunaux d\u2019\u00c1lava (Espagne).<\/p>\n<\/div>\n<\/article>\n<\/div>\n<\/div><\/section>\n","protected":false},"excerpt":{"rendered":"","protected":false},"author":2,"featured_media":0,"parent":0,"menu_order":0,"comment_status":"closed","ping_status":"closed","template":"","meta":{"footnotes":""},"class_list":["post-242691","page","type-page","status-publish","hentry"],"yoast_head":"<!-- This site is optimized with the Yoast SEO plugin v27.3 - https:\/\/yoast.com\/product\/yoast-seo-wordpress\/ -->\n<title>Politique de confidentialit\u00e9 - Gesmatik<\/title>\n<meta name=\"robots\" content=\"index, follow, max-snippet:-1, max-image-preview:large, max-video-preview:-1\" \/>\n<link rel=\"canonical\" href=\"https:\/\/www.gesmatik.com\/fr\/politique-de-confidentialite\/\" \/>\n<meta property=\"og:locale\" content=\"fr_FR\" \/>\n<meta property=\"og:type\" content=\"article\" \/>\n<meta property=\"og:title\" content=\"Politique de confidentialit\u00e9 - Gesmatik\" \/>\n<meta property=\"og:url\" content=\"https:\/\/www.gesmatik.com\/fr\/politique-de-confidentialite\/\" \/>\n<meta property=\"og:site_name\" content=\"Gesmatik\" \/>\n<meta property=\"article:modified_time\" content=\"2024-05-09T07:02:59+00:00\" \/>\n<meta name=\"twitter:card\" content=\"summary_large_image\" \/>\n<meta name=\"twitter:label1\" content=\"Dur\u00e9e de lecture estim\u00e9e\" \/>\n\t<meta name=\"twitter:data1\" content=\"3 minutes\" \/>\n<script type=\"application\/ld+json\" class=\"yoast-schema-graph\">{\"@context\":\"https:\\\/\\\/schema.org\",\"@graph\":[{\"@type\":\"WebPage\",\"@id\":\"https:\\\/\\\/www.gesmatik.com\\\/fr\\\/politique-de-confidentialite\\\/\",\"url\":\"https:\\\/\\\/www.gesmatik.com\\\/fr\\\/politique-de-confidentialite\\\/\",\"name\":\"Politique de confidentialit\u00e9 - Gesmatik\",\"isPartOf\":{\"@id\":\"https:\\\/\\\/www.gesmatik.com\\\/#website\"},\"datePublished\":\"2021-01-26T10:18:18+00:00\",\"dateModified\":\"2024-05-09T07:02:59+00:00\",\"breadcrumb\":{\"@id\":\"https:\\\/\\\/www.gesmatik.com\\\/fr\\\/politique-de-confidentialite\\\/#breadcrumb\"},\"inLanguage\":\"fr-FR\",\"potentialAction\":[{\"@type\":\"ReadAction\",\"target\":[\"https:\\\/\\\/www.gesmatik.com\\\/fr\\\/politique-de-confidentialite\\\/\"]}]},{\"@type\":\"BreadcrumbList\",\"@id\":\"https:\\\/\\\/www.gesmatik.com\\\/fr\\\/politique-de-confidentialite\\\/#breadcrumb\",\"itemListElement\":[{\"@type\":\"ListItem\",\"position\":1,\"name\":\"Portada\",\"item\":\"https:\\\/\\\/www.gesmatik.com\\\/fr\\\/\"},{\"@type\":\"ListItem\",\"position\":2,\"name\":\"Politique de confidentialit\u00e9\"}]},{\"@type\":\"WebSite\",\"@id\":\"https:\\\/\\\/www.gesmatik.com\\\/#website\",\"url\":\"https:\\\/\\\/www.gesmatik.com\\\/\",\"name\":\"Gesmatik\",\"description\":\"Gesti\u00f3n y control automatizado\",\"publisher\":{\"@id\":\"https:\\\/\\\/www.gesmatik.com\\\/#organization\"},\"potentialAction\":[{\"@type\":\"SearchAction\",\"target\":{\"@type\":\"EntryPoint\",\"urlTemplate\":\"https:\\\/\\\/www.gesmatik.com\\\/?s={search_term_string}\"},\"query-input\":{\"@type\":\"PropertyValueSpecification\",\"valueRequired\":true,\"valueName\":\"search_term_string\"}}],\"inLanguage\":\"fr-FR\"},{\"@type\":\"Organization\",\"@id\":\"https:\\\/\\\/www.gesmatik.com\\\/#organization\",\"name\":\"Gesmatik\",\"url\":\"https:\\\/\\\/www.gesmatik.com\\\/\",\"logo\":{\"@type\":\"ImageObject\",\"inLanguage\":\"fr-FR\",\"@id\":\"https:\\\/\\\/www.gesmatik.com\\\/#\\\/schema\\\/logo\\\/image\\\/\",\"url\":\"https:\\\/\\\/www.gesmatik.com\\\/wp-content\\\/uploads\\\/2020\\\/11\\\/gesmatik-logo.png\",\"contentUrl\":\"https:\\\/\\\/www.gesmatik.com\\\/wp-content\\\/uploads\\\/2020\\\/11\\\/gesmatik-logo.png\",\"width\":240,\"height\":42,\"caption\":\"Gesmatik\"},\"image\":{\"@id\":\"https:\\\/\\\/www.gesmatik.com\\\/#\\\/schema\\\/logo\\\/image\\\/\"}}]}<\/script>\n<!-- \/ Yoast SEO plugin. -->","yoast_head_json":{"title":"Politique de confidentialit\u00e9 - Gesmatik","robots":{"index":"index","follow":"follow","max-snippet":"max-snippet:-1","max-image-preview":"max-image-preview:large","max-video-preview":"max-video-preview:-1"},"canonical":"https:\/\/www.gesmatik.com\/fr\/politique-de-confidentialite\/","og_locale":"fr_FR","og_type":"article","og_title":"Politique de confidentialit\u00e9 - Gesmatik","og_url":"https:\/\/www.gesmatik.com\/fr\/politique-de-confidentialite\/","og_site_name":"Gesmatik","article_modified_time":"2024-05-09T07:02:59+00:00","twitter_card":"summary_large_image","twitter_misc":{"Dur\u00e9e de lecture estim\u00e9e":"3 minutes"},"schema":{"@context":"https:\/\/schema.org","@graph":[{"@type":"WebPage","@id":"https:\/\/www.gesmatik.com\/fr\/politique-de-confidentialite\/","url":"https:\/\/www.gesmatik.com\/fr\/politique-de-confidentialite\/","name":"Politique de confidentialit\u00e9 - Gesmatik","isPartOf":{"@id":"https:\/\/www.gesmatik.com\/#website"},"datePublished":"2021-01-26T10:18:18+00:00","dateModified":"2024-05-09T07:02:59+00:00","breadcrumb":{"@id":"https:\/\/www.gesmatik.com\/fr\/politique-de-confidentialite\/#breadcrumb"},"inLanguage":"fr-FR","potentialAction":[{"@type":"ReadAction","target":["https:\/\/www.gesmatik.com\/fr\/politique-de-confidentialite\/"]}]},{"@type":"BreadcrumbList","@id":"https:\/\/www.gesmatik.com\/fr\/politique-de-confidentialite\/#breadcrumb","itemListElement":[{"@type":"ListItem","position":1,"name":"Portada","item":"https:\/\/www.gesmatik.com\/fr\/"},{"@type":"ListItem","position":2,"name":"Politique de confidentialit\u00e9"}]},{"@type":"WebSite","@id":"https:\/\/www.gesmatik.com\/#website","url":"https:\/\/www.gesmatik.com\/","name":"Gesmatik","description":"Gesti\u00f3n y control automatizado","publisher":{"@id":"https:\/\/www.gesmatik.com\/#organization"},"potentialAction":[{"@type":"SearchAction","target":{"@type":"EntryPoint","urlTemplate":"https:\/\/www.gesmatik.com\/?s={search_term_string}"},"query-input":{"@type":"PropertyValueSpecification","valueRequired":true,"valueName":"search_term_string"}}],"inLanguage":"fr-FR"},{"@type":"Organization","@id":"https:\/\/www.gesmatik.com\/#organization","name":"Gesmatik","url":"https:\/\/www.gesmatik.com\/","logo":{"@type":"ImageObject","inLanguage":"fr-FR","@id":"https:\/\/www.gesmatik.com\/#\/schema\/logo\/image\/","url":"https:\/\/www.gesmatik.com\/wp-content\/uploads\/2020\/11\/gesmatik-logo.png","contentUrl":"https:\/\/www.gesmatik.com\/wp-content\/uploads\/2020\/11\/gesmatik-logo.png","width":240,"height":42,"caption":"Gesmatik"},"image":{"@id":"https:\/\/www.gesmatik.com\/#\/schema\/logo\/image\/"}}]}},"_links":{"self":[{"href":"https:\/\/www.gesmatik.com\/fr\/wp-json\/wp\/v2\/pages\/242691","targetHints":{"allow":["GET"]}}],"collection":[{"href":"https:\/\/www.gesmatik.com\/fr\/wp-json\/wp\/v2\/pages"}],"about":[{"href":"https:\/\/www.gesmatik.com\/fr\/wp-json\/wp\/v2\/types\/page"}],"author":[{"embeddable":true,"href":"https:\/\/www.gesmatik.com\/fr\/wp-json\/wp\/v2\/users\/2"}],"replies":[{"embeddable":true,"href":"https:\/\/www.gesmatik.com\/fr\/wp-json\/wp\/v2\/comments?post=242691"}],"version-history":[{"count":5,"href":"https:\/\/www.gesmatik.com\/fr\/wp-json\/wp\/v2\/pages\/242691\/revisions"}],"predecessor-version":[{"id":244961,"href":"https:\/\/www.gesmatik.com\/fr\/wp-json\/wp\/v2\/pages\/242691\/revisions\/244961"}],"wp:attachment":[{"href":"https:\/\/www.gesmatik.com\/fr\/wp-json\/wp\/v2\/media?parent=242691"}],"curies":[{"name":"wp","href":"https:\/\/api.w.org\/{rel}","templated":true}]}}