{"id":242655,"date":"2021-01-26T10:38:08","date_gmt":"2021-01-26T09:38:08","guid":{"rendered":"http:\/\/www.gesmatik.com\/qui-sommes-nous\/"},"modified":"2024-01-31T18:23:51","modified_gmt":"2024-01-31T17:23:51","slug":"qui-sommes-nous","status":"publish","type":"page","link":"https:\/\/www.gesmatik.com\/fr\/qui-sommes-nous\/","title":{"rendered":"Qui sommes-nous ?"},"content":{"rendered":"\n<style type=\"text\/css\" data-created_by=\"avia_inline_auto\" id=\"style-css-av-dsr0o-dae533b481c5de10aef75d0319047ae4\">\n.avia-section.av-dsr0o-dae533b481c5de10aef75d0319047ae4{\nbackground-color:#2cc84e;\nbackground-image:url(https:\/\/www.gesmatik.com\/wp-content\/uploads\/2020\/12\/fondo-cuadros-2-2.png);\nbackground-repeat:no-repeat;\nbackground-position:0% 50%;\nbackground-attachment:scroll;\n}\n<\/style>\n<div id='av_section_1'  class='avia-section av-dsr0o-dae533b481c5de10aef75d0319047ae4 main_color avia-section-default avia-no-border-styling  avia-builder-el-0  el_before_av_section  avia-builder-el-first  avia-bg-style-scroll container_wrap sidebar_right'  data-section-bg-repeat='no-repeat'><div class='container av-section-cont-open' ><main  role=\"main\" itemprop=\"mainContentOfPage\"  class='template-page content  av-content-small alpha units'><div class='post-entry post-entry-type-page post-entry-242655'><div class='entry-content-wrapper clearfix'>\n\n<style type=\"text\/css\" data-created_by=\"avia_inline_auto\" id=\"style-css-av-kjmsa2mi-6f3b2678f2f6466e75bbbb1dd1a44df5\">\n#top .av-special-heading.av-kjmsa2mi-6f3b2678f2f6466e75bbbb1dd1a44df5{\npadding-bottom:0;\n}\nbody .av-special-heading.av-kjmsa2mi-6f3b2678f2f6466e75bbbb1dd1a44df5 .av-special-heading-tag .heading-char{\nfont-size:25px;\n}\n.av-special-heading.av-kjmsa2mi-6f3b2678f2f6466e75bbbb1dd1a44df5 .av-subheading{\nfont-size:15px;\n}\n<\/style>\n<div  class='av-special-heading av-kjmsa2mi-6f3b2678f2f6466e75bbbb1dd1a44df5 av-special-heading-h1 blockquote modern-quote modern-centered  avia-builder-el-1  avia-builder-el-no-sibling '><h1 class='av-special-heading-tag '  itemprop=\"headline\"  >Qui sommes-nous?<\/h1><div class=\"special-heading-border\"><div class=\"special-heading-inner-border\"><\/div><\/div><\/div>\n\n<\/div><\/div><\/main><!-- close content main element --><\/div><\/div>\n<style type=\"text\/css\" data-created_by=\"avia_inline_auto\" id=\"style-css-av-kiinw3x6-bb6425c93b7cd5dd1ddf7059ef339b2b\">\n.avia-section.av-kiinw3x6-bb6425c93b7cd5dd1ddf7059ef339b2b{\nbackground-repeat:no-repeat;\nbackground-image:url(https:\/\/www.gesmatik.com\/wp-content\/uploads\/2021\/02\/gesmatik-profesionales.jpg);\nbackground-position:0% 50%;\nbackground-attachment:scroll;\n}\n<\/style>\n<div id='av_section_2'  class='avia-section av-kiinw3x6-bb6425c93b7cd5dd1ddf7059ef339b2b main_color avia-section-default avia-no-border-styling  avia-builder-el-2  el_after_av_section  el_before_av_section  avia-full-stretch avia-bg-style-scroll av-minimum-height av-minimum-height-25 av-height-25  container_wrap sidebar_right'  data-section-bg-repeat='stretch' data-av_minimum_height_pc='25' data-av_min_height_opt='25'><div class='container av-section-cont-open' ><div class='template-page content  av-content-small alpha units'><div class='post-entry post-entry-type-page post-entry-242655'><div class='entry-content-wrapper clearfix'>\n\n<style type=\"text\/css\" data-created_by=\"avia_inline_auto\" id=\"style-css-av-29jars-44cd7860f256c46aba96b181a7b52059\">\n.flex_column.av-29jars-44cd7860f256c46aba96b181a7b52059{\nborder-radius:0px 0px 0px 0px;\npadding:0px 0px 0px 0px;\n}\n<\/style>\n<div  class='flex_column av-29jars-44cd7860f256c46aba96b181a7b52059 av_one_half  avia-builder-el-3  el_before_av_one_half  avia-builder-el-first  first flex_column_div av-zero-column-padding  '     ><\/div>\n<style type=\"text\/css\" data-created_by=\"avia_inline_auto\" id=\"style-css-av-7ms80-8caf8c8b9b54bd7460db2a37926b0473\">\n.flex_column.av-7ms80-8caf8c8b9b54bd7460db2a37926b0473{\nborder-radius:0px 0px 0px 0px;\npadding:0px 0px 0px 0px;\n}\n<\/style>\n<div  class='flex_column av-7ms80-8caf8c8b9b54bd7460db2a37926b0473 av_one_half  avia-builder-el-4  el_after_av_one_half  el_before_av_hr  confondooscuro flex_column_div av-zero-column-padding  '     ><p>\n<style type=\"text\/css\" data-created_by=\"avia_inline_auto\" id=\"style-css-av-c724yyf-e30bb90fe0b59625c790df3cb6219245\">\n#top .av-special-heading.av-c724yyf-e30bb90fe0b59625c790df3cb6219245{\npadding-bottom:0;\n}\nbody .av-special-heading.av-c724yyf-e30bb90fe0b59625c790df3cb6219245 .av-special-heading-tag .heading-char{\nfont-size:25px;\n}\n.av-special-heading.av-c724yyf-e30bb90fe0b59625c790df3cb6219245 .av-subheading{\nfont-size:15px;\n}\n<\/style>\n<div  class='av-special-heading av-c724yyf-e30bb90fe0b59625c790df3cb6219245 av-special-heading-h2  avia-builder-el-5  el_before_av_hr  avia-builder-el-first '><h2 class='av-special-heading-tag '  itemprop=\"headline\"  >Vending Modular est le fabricant des technologies GESMATIK, des solutions originales, brevet\u00e9es et con\u00e7ues pour un usage professionnel. <\/h2><div class=\"special-heading-border\"><div class=\"special-heading-inner-border\"><\/div><\/div><\/div><br \/>\n\n<style type=\"text\/css\" data-created_by=\"avia_inline_auto\" id=\"style-css-av-kiimk2az-ddef7dbc7965548f94ad308582f0f5c7\">\n#top .hr.av-kiimk2az-ddef7dbc7965548f94ad308582f0f5c7{\nmargin-top:5px;\nmargin-bottom:10px;\n}\n.hr.av-kiimk2az-ddef7dbc7965548f94ad308582f0f5c7 .hr-inner{\nwidth:50px;\nborder-color:#58a618;\n}\n<\/style>\n<div  class='hr av-kiimk2az-ddef7dbc7965548f94ad308582f0f5c7 hr-custom  avia-builder-el-6  el_after_av_heading  el_before_av_textblock  hr-left hr-icon-no'><span class='hr-inner inner-border-av-border-fat'><span class=\"hr-inner-style\"><\/span><\/span><\/div><br \/>\n<section  class='av_textblock_section av-kiin0aht-827b200a7fe78fb33a6af7563a025563 '   itemscope=\"itemscope\" itemtype=\"https:\/\/schema.org\/CreativeWork\" ><div class='avia_textblock'  itemprop=\"text\" ><p>Notre soci\u00e9t\u00e9, Vending Modular, S.L. est une soci\u00e9t\u00e9 d\u2019ing\u00e9nierie qui, depuis 2010, se consacre \u00e0 la conception et \u00e0 la fabrication de solutions d\u2019automatisation et de contr\u00f4le.<\/p>\n<p>Notre \u00e9quipe est compos\u00e9e des <strong>meilleurs professionnels de diff\u00e9rentes sp\u00e9cialit\u00e9s telles que l\u2019\u00e9lectrom\u00e9canique, l\u2019\u00e9lectronique, les syst\u00e8mes informatiques, les t\u00e9l\u00e9communications<\/strong>&#8230;<\/p>\n<p>Notre catalogue de solutions pour la gestion des mat\u00e9riaux de travail, commercialis\u00e9 sous la marque <strong>GESMATIK<\/strong> , est en constante \u00e9volution, int\u00e9grant des solutions brevet\u00e9es qui sont aujourd\u2019hui une <strong>r\u00e9f\u00e9rence dans les secteurs de l\u2019industrie et de la sant\u00e9<\/strong>.<\/p>\n<p>Vending Modular est \u00e9galement le <strong>partenaire technologique<\/strong> des organisations \u00e0 la recherche de solutions sur mesure pour la<strong> distribution industrielle<\/strong> \u00e0 la pointe de la technologie. Nous sommes passionn\u00e9s par la cr\u00e9ation de nouvelles technologies et nous voulons apporter des solutions efficaces, innovantes, r\u00e9volutionnaires, fonctionnelles&#8230;&#8230; et rentable.<\/p>\n<\/div><\/section><\/p><\/div>\n<style type=\"text\/css\" data-created_by=\"avia_inline_auto\" id=\"style-css-av-kjmsn5ky-f0c41d73eeb993ebcddac9c57df59f05\">\n#top .hr.hr-invisible.av-kjmsn5ky-f0c41d73eeb993ebcddac9c57df59f05{\nheight:50px;\n}\n<\/style>\n<div  class='hr av-kjmsn5ky-f0c41d73eeb993ebcddac9c57df59f05 hr-invisible  avia-builder-el-8  el_after_av_one_half  avia-builder-el-last '><span class='hr-inner '><span class=\"hr-inner-style\"><\/span><\/span><\/div>\n<\/div><\/div><\/div><!-- close content main div --><\/div><\/div>\n<style type=\"text\/css\" data-created_by=\"avia_inline_auto\" id=\"style-css-av-kiinjcxd-89574807bfcbeabbc78a92fe1bea4e7e\">\n.avia-section.av-kiinjcxd-89574807bfcbeabbc78a92fe1bea4e7e{\nbackground-color:#f7f7f7;\nbackground-image:url(https:\/\/www.gesmatik.com\/wp-content\/uploads\/2021\/02\/gesmatik-partners.jpg);\nbackground-repeat:no-repeat;\nbackground-position:100% 50%;\nbackground-attachment:scroll;\n}\n<\/style>\n<div id='av_section_3'  class='avia-section av-kiinjcxd-89574807bfcbeabbc78a92fe1bea4e7e main_color avia-section-default avia-no-border-styling  avia-builder-el-9  el_after_av_section  el_before_av_section  avia-full-stretch avia-bg-style-scroll av-minimum-height av-minimum-height-25 av-height-25  container_wrap sidebar_right'  data-section-bg-repeat='stretch' data-av_minimum_height_pc='25' data-av_min_height_opt='25'><div class='container av-section-cont-open' ><div class='template-page content  av-content-small alpha units'><div class='post-entry post-entry-type-page post-entry-242655'><div class='entry-content-wrapper clearfix'>\n\n<style type=\"text\/css\" data-created_by=\"avia_inline_auto\" id=\"style-css-av-1uhl88-bd787bf5e4eaa3cbb4e042b4142197b4\">\n.flex_column.av-1uhl88-bd787bf5e4eaa3cbb4e042b4142197b4{\nborder-radius:0px 0px 0px 0px;\npadding:0px 0px 0px 0px;\n}\n<\/style>\n<div  class='flex_column av-1uhl88-bd787bf5e4eaa3cbb4e042b4142197b4 av_one_half  avia-builder-el-10  el_before_av_one_half  avia-builder-el-first  confondooscuro first flex_column_div av-zero-column-padding  '     ><p>\n<style type=\"text\/css\" data-created_by=\"avia_inline_auto\" id=\"style-css-av-5ptkqif-daa336af24081b3b70aa33719d915de3\">\n#top .av-special-heading.av-5ptkqif-daa336af24081b3b70aa33719d915de3{\npadding-bottom:0;\n}\nbody .av-special-heading.av-5ptkqif-daa336af24081b3b70aa33719d915de3 .av-special-heading-tag .heading-char{\nfont-size:25px;\n}\n.av-special-heading.av-5ptkqif-daa336af24081b3b70aa33719d915de3 .av-subheading{\nfont-size:15px;\n}\n<\/style>\n<div  class='av-special-heading av-5ptkqif-daa336af24081b3b70aa33719d915de3 av-special-heading-h2 blockquote modern-quote  avia-builder-el-11  el_before_av_hr  avia-builder-el-first '><h2 class='av-special-heading-tag '  itemprop=\"headline\"  >Partenaires technologiques<\/h2><div class=\"special-heading-border\"><div class=\"special-heading-inner-border\"><\/div><\/div><\/div><br \/>\n\n<style type=\"text\/css\" data-created_by=\"avia_inline_auto\" id=\"style-css-av-kiimk2az-6-f05da8bc0e0c9f1a30c7837de67c8135\">\n#top .hr.av-kiimk2az-6-f05da8bc0e0c9f1a30c7837de67c8135{\nmargin-top:5px;\nmargin-bottom:10px;\n}\n.hr.av-kiimk2az-6-f05da8bc0e0c9f1a30c7837de67c8135 .hr-inner{\nwidth:50px;\nborder-color:#58a618;\n}\n<\/style>\n<div  class='hr av-kiimk2az-6-f05da8bc0e0c9f1a30c7837de67c8135 hr-custom  avia-builder-el-12  el_after_av_heading  el_before_av_textblock  hr-left hr-icon-no'><span class='hr-inner inner-border-av-border-fat'><span class=\"hr-inner-style\"><\/span><\/span><\/div><br \/>\n<section  class='av_textblock_section av-kiin0aht-5-40d71f3535477afe43b9e5fbc5710b54 '   itemscope=\"itemscope\" itemtype=\"https:\/\/schema.org\/CreativeWork\" ><div class='avia_textblock'  itemprop=\"text\" ><p>Ainsi, nous sommes devenus les <strong>partenaires technologiques des principales entreprises de distribution (fournitures de sant\u00e9, fournitures industrielles, op\u00e9rateurs logistiques, etc.)<\/strong> qui partagent notre vision et notre engagement envers la num\u00e9risation et l\u2019automatisation des processus, comme cl\u00e9 pour ajouter de la valeur \u00e0 tous les types d\u2019organisations. Nos partenaires appr\u00e9cient la possibilit\u00e9 de faire \u00e9voluer nos produits, ainsi que d\u2019apporter des adaptations sur mesure qui leur permettent de mieux servir leurs march\u00e9s.<\/p>\n<p><strong>GESMATIK est mis en \u0153uvre dans des centaines d\u2019entreprises industrielles, d\u2019h\u00f4pitaux, d\u2019organismes publics, en tant qu\u2019alli\u00e9 principal dans la gestion et le contr\u00f4le automatis\u00e9s des consommables et des mat\u00e9riaux de travail.<\/strong><\/p>\n<\/div><\/section><br \/>\n<div  class='avia-button-wrap av-kiin63hr-516169735eec08ea1d3b3e25853e326e-wrap avia-button-center  avia-builder-el-14  el_after_av_textblock  avia-builder-el-last '><a href='https:\/\/www.gesmatik.com\/fr\/installations-realisees\/'  class='avia-button av-kiin63hr-516169735eec08ea1d3b3e25853e326e av-link-btn avia-icon_select-no avia-size-x-large avia-position-center avia-color-theme-color'   aria-label=\"Voir les installations r\u00e9alis\u00e9es\"><span class='avia_iconbox_title' >Voir les installations r\u00e9alis\u00e9es<\/span><\/a><\/div><\/p><\/div>\n<style type=\"text\/css\" data-created_by=\"avia_inline_auto\" id=\"style-css-av-1f6u8-ddf4b3ce4e530dfb10fd1c23522d33cb\">\n.flex_column.av-1f6u8-ddf4b3ce4e530dfb10fd1c23522d33cb{\nborder-radius:0px 0px 0px 0px;\npadding:0px 0px 0px 0px;\n}\n<\/style>\n<div  class='flex_column av-1f6u8-ddf4b3ce4e530dfb10fd1c23522d33cb av_one_half  avia-builder-el-15  el_after_av_one_half  avia-builder-el-last  flex_column_div av-zero-column-padding  '     ><\/div>\n<\/p>\n<\/div><\/div><\/div><!-- close content main div --><\/div><\/div>\n<style type=\"text\/css\" data-created_by=\"avia_inline_auto\" id=\"style-css-av-kiio3qgo-b8eac1096d154e216af43fab3766e6db\">\n.avia-section.av-kiio3qgo-b8eac1096d154e216af43fab3766e6db{\nbackground-color:#2cc84e;\nbackground:linear-gradient( to bottom, #2cc84e, #3e6d04 );\n}\n<\/style>\n<div id='av_section_4'  class='avia-section av-kiio3qgo-b8eac1096d154e216af43fab3766e6db main_color avia-section-default avia-no-border-styling  avia-builder-el-16  el_after_av_section  avia-builder-el-last  fondoverde avia-bg-style-scroll container_wrap sidebar_right'  ><div class='container av-section-cont-open' ><div class='template-page content  av-content-small alpha units'><div class='post-entry post-entry-type-page post-entry-242655'><div class='entry-content-wrapper clearfix'>\n\n<style type=\"text\/css\" data-created_by=\"avia_inline_auto\" id=\"style-css-av-bw2qo-b2b45076ba10459db6072445bd1d0266\">\n.flex_column.av-bw2qo-b2b45076ba10459db6072445bd1d0266{\nborder-radius:0px 0px 0px 0px;\npadding:0px 0px 0px 0px;\n}\n<\/style>\n<div  class='flex_column av-bw2qo-b2b45076ba10459db6072445bd1d0266 av_one_fourth  avia-builder-el-17  el_before_av_one_half  avia-builder-el-first  first flex_column_div av-zero-column-padding  '     ><\/div>\n<style type=\"text\/css\" data-created_by=\"avia_inline_auto\" id=\"style-css-av-bw2qo-3-1743b5be70b498e7a0f2dc1758c739a7\">\n.flex_column.av-bw2qo-3-1743b5be70b498e7a0f2dc1758c739a7{\nborder-radius:0px 0px 0px 0px;\npadding:0px 0px 0px 0px;\n}\n<\/style>\n<div  class='flex_column av-bw2qo-3-1743b5be70b498e7a0f2dc1758c739a7 av_one_half  avia-builder-el-18  el_after_av_one_fourth  el_before_av_one_fourth  flex_column_div av-zero-column-padding  '     ><style type=\"text\/css\" data-created_by=\"avia_inline_auto\" id=\"style-css-av-7vsrjsn-dc69eed826919920a8154fa4cd0181fa\">\n#top .av-special-heading.av-7vsrjsn-dc69eed826919920a8154fa4cd0181fa{\npadding-bottom:0;\n}\nbody .av-special-heading.av-7vsrjsn-dc69eed826919920a8154fa4cd0181fa .av-special-heading-tag .heading-char{\nfont-size:25px;\n}\n.av-special-heading.av-7vsrjsn-dc69eed826919920a8154fa4cd0181fa .av-subheading{\nfont-size:15px;\n}\n<\/style>\n<div  class='av-special-heading av-7vsrjsn-dc69eed826919920a8154fa4cd0181fa av-special-heading-h2 blockquote modern-quote modern-centered  avia-builder-el-19  avia-builder-el-no-sibling '><h2 class='av-special-heading-tag '  itemprop=\"headline\"  >Avez-vous besoin d\u2019une configuration personnalis\u00e9e pour votre organisation? Nous serons ravis d\u2019entendre vos id\u00e9es<\/h2><div class=\"special-heading-border\"><div class=\"special-heading-inner-border\"><\/div><\/div><\/div><\/div>\n<style type=\"text\/css\" data-created_by=\"avia_inline_auto\" id=\"style-css-av-bw2qo-2-fced0fe3d38e509132c9ad8e50835678\">\n.flex_column.av-bw2qo-2-fced0fe3d38e509132c9ad8e50835678{\nborder-radius:0px 0px 0px 0px;\npadding:0px 0px 0px 0px;\n}\n<\/style>\n<div  class='flex_column av-bw2qo-2-fced0fe3d38e509132c9ad8e50835678 av_one_fourth  avia-builder-el-20  el_after_av_one_half  el_before_av_hr  flex_column_div av-zero-column-padding  '     ><\/div>\n<style type=\"text\/css\" data-created_by=\"avia_inline_auto\" id=\"style-css-av-kiiox28q-89f03c800c9454202be79b11ba94e1a3\">\n#top .hr.hr-invisible.av-kiiox28q-89f03c800c9454202be79b11ba94e1a3{\nheight:30px;\n}\n<\/style>\n<div  class='hr av-kiiox28q-89f03c800c9454202be79b11ba94e1a3 hr-invisible  avia-builder-el-21  el_after_av_one_fourth  el_before_av_button '><span class='hr-inner '><span class=\"hr-inner-style\"><\/span><\/span><\/div>\n<div  class='avia-button-wrap av-kiin63hr-4-1f4f69fedfec86cf7da9faaeeddbbce6-wrap avia-button-center  avia-builder-el-22  el_after_av_hr  avia-builder-el-last '><a href='https:\/\/www.gesmatik.com\/fr\/contact\/'  class='avia-button av-kiin63hr-4-1f4f69fedfec86cf7da9faaeeddbbce6 av-link-btn avia-icon_select-no avia-size-x-large avia-position-center avia-color-light'   aria-label=\"Nous contacter\"><span class='avia_iconbox_title' >Nous contacter<\/span><\/a><\/div>\n<\/div><\/div><\/div><!-- close content main div --><\/div><\/div><div id='after_section_4'  class='main_color av_default_container_wrap container_wrap sidebar_right'  ><div class='container av-section-cont-open' ><div class='template-page content  av-content-small alpha units'><div class='post-entry post-entry-type-page post-entry-242655'><div class='entry-content-wrapper clearfix'>\n","protected":false},"excerpt":{"rendered":"","protected":false},"author":1,"featured_media":0,"parent":0,"menu_order":0,"comment_status":"closed","ping_status":"closed","template":"","meta":{"footnotes":""},"class_list":["post-242655","page","type-page","status-publish","hentry"],"yoast_head":"<!-- This site is optimized with the Yoast SEO plugin v27.3 - https:\/\/yoast.com\/product\/yoast-seo-wordpress\/ -->\n<title>Qui sommes-nous ? - Gesmatik<\/title>\n<meta name=\"robots\" content=\"index, follow, max-snippet:-1, max-image-preview:large, max-video-preview:-1\" \/>\n<link rel=\"canonical\" href=\"https:\/\/www.gesmatik.com\/fr\/qui-sommes-nous\/\" \/>\n<meta property=\"og:locale\" content=\"fr_FR\" \/>\n<meta property=\"og:type\" content=\"article\" \/>\n<meta property=\"og:title\" content=\"Qui sommes-nous ? - Gesmatik\" \/>\n<meta property=\"og:url\" content=\"https:\/\/www.gesmatik.com\/fr\/qui-sommes-nous\/\" \/>\n<meta property=\"og:site_name\" content=\"Gesmatik\" \/>\n<meta property=\"article:modified_time\" content=\"2024-01-31T17:23:51+00:00\" \/>\n<meta name=\"twitter:card\" content=\"summary_large_image\" \/>\n<meta name=\"twitter:label1\" content=\"Dur\u00e9e de lecture estim\u00e9e\" \/>\n\t<meta name=\"twitter:data1\" content=\"5 minutes\" \/>\n<script type=\"application\/ld+json\" class=\"yoast-schema-graph\">{\"@context\":\"https:\\\/\\\/schema.org\",\"@graph\":[{\"@type\":\"WebPage\",\"@id\":\"https:\\\/\\\/www.gesmatik.com\\\/fr\\\/qui-sommes-nous\\\/\",\"url\":\"https:\\\/\\\/www.gesmatik.com\\\/fr\\\/qui-sommes-nous\\\/\",\"name\":\"Qui sommes-nous ? - Gesmatik\",\"isPartOf\":{\"@id\":\"https:\\\/\\\/www.gesmatik.com\\\/#website\"},\"datePublished\":\"2021-01-26T09:38:08+00:00\",\"dateModified\":\"2024-01-31T17:23:51+00:00\",\"breadcrumb\":{\"@id\":\"https:\\\/\\\/www.gesmatik.com\\\/fr\\\/qui-sommes-nous\\\/#breadcrumb\"},\"inLanguage\":\"fr-FR\",\"potentialAction\":[{\"@type\":\"ReadAction\",\"target\":[\"https:\\\/\\\/www.gesmatik.com\\\/fr\\\/qui-sommes-nous\\\/\"]}]},{\"@type\":\"BreadcrumbList\",\"@id\":\"https:\\\/\\\/www.gesmatik.com\\\/fr\\\/qui-sommes-nous\\\/#breadcrumb\",\"itemListElement\":[{\"@type\":\"ListItem\",\"position\":1,\"name\":\"Portada\",\"item\":\"https:\\\/\\\/www.gesmatik.com\\\/fr\\\/\"},{\"@type\":\"ListItem\",\"position\":2,\"name\":\"Qui sommes-nous ?\"}]},{\"@type\":\"WebSite\",\"@id\":\"https:\\\/\\\/www.gesmatik.com\\\/#website\",\"url\":\"https:\\\/\\\/www.gesmatik.com\\\/\",\"name\":\"Gesmatik\",\"description\":\"Gesti\u00f3n y control automatizado\",\"publisher\":{\"@id\":\"https:\\\/\\\/www.gesmatik.com\\\/#organization\"},\"potentialAction\":[{\"@type\":\"SearchAction\",\"target\":{\"@type\":\"EntryPoint\",\"urlTemplate\":\"https:\\\/\\\/www.gesmatik.com\\\/?s={search_term_string}\"},\"query-input\":{\"@type\":\"PropertyValueSpecification\",\"valueRequired\":true,\"valueName\":\"search_term_string\"}}],\"inLanguage\":\"fr-FR\"},{\"@type\":\"Organization\",\"@id\":\"https:\\\/\\\/www.gesmatik.com\\\/#organization\",\"name\":\"Gesmatik\",\"url\":\"https:\\\/\\\/www.gesmatik.com\\\/\",\"logo\":{\"@type\":\"ImageObject\",\"inLanguage\":\"fr-FR\",\"@id\":\"https:\\\/\\\/www.gesmatik.com\\\/#\\\/schema\\\/logo\\\/image\\\/\",\"url\":\"https:\\\/\\\/www.gesmatik.com\\\/wp-content\\\/uploads\\\/2020\\\/11\\\/gesmatik-logo.png\",\"contentUrl\":\"https:\\\/\\\/www.gesmatik.com\\\/wp-content\\\/uploads\\\/2020\\\/11\\\/gesmatik-logo.png\",\"width\":240,\"height\":42,\"caption\":\"Gesmatik\"},\"image\":{\"@id\":\"https:\\\/\\\/www.gesmatik.com\\\/#\\\/schema\\\/logo\\\/image\\\/\"}}]}<\/script>\n<!-- \/ Yoast SEO plugin. -->","yoast_head_json":{"title":"Qui sommes-nous ? - Gesmatik","robots":{"index":"index","follow":"follow","max-snippet":"max-snippet:-1","max-image-preview":"max-image-preview:large","max-video-preview":"max-video-preview:-1"},"canonical":"https:\/\/www.gesmatik.com\/fr\/qui-sommes-nous\/","og_locale":"fr_FR","og_type":"article","og_title":"Qui sommes-nous ? - Gesmatik","og_url":"https:\/\/www.gesmatik.com\/fr\/qui-sommes-nous\/","og_site_name":"Gesmatik","article_modified_time":"2024-01-31T17:23:51+00:00","twitter_card":"summary_large_image","twitter_misc":{"Dur\u00e9e de lecture estim\u00e9e":"5 minutes"},"schema":{"@context":"https:\/\/schema.org","@graph":[{"@type":"WebPage","@id":"https:\/\/www.gesmatik.com\/fr\/qui-sommes-nous\/","url":"https:\/\/www.gesmatik.com\/fr\/qui-sommes-nous\/","name":"Qui sommes-nous ? - Gesmatik","isPartOf":{"@id":"https:\/\/www.gesmatik.com\/#website"},"datePublished":"2021-01-26T09:38:08+00:00","dateModified":"2024-01-31T17:23:51+00:00","breadcrumb":{"@id":"https:\/\/www.gesmatik.com\/fr\/qui-sommes-nous\/#breadcrumb"},"inLanguage":"fr-FR","potentialAction":[{"@type":"ReadAction","target":["https:\/\/www.gesmatik.com\/fr\/qui-sommes-nous\/"]}]},{"@type":"BreadcrumbList","@id":"https:\/\/www.gesmatik.com\/fr\/qui-sommes-nous\/#breadcrumb","itemListElement":[{"@type":"ListItem","position":1,"name":"Portada","item":"https:\/\/www.gesmatik.com\/fr\/"},{"@type":"ListItem","position":2,"name":"Qui sommes-nous ?"}]},{"@type":"WebSite","@id":"https:\/\/www.gesmatik.com\/#website","url":"https:\/\/www.gesmatik.com\/","name":"Gesmatik","description":"Gesti\u00f3n y control automatizado","publisher":{"@id":"https:\/\/www.gesmatik.com\/#organization"},"potentialAction":[{"@type":"SearchAction","target":{"@type":"EntryPoint","urlTemplate":"https:\/\/www.gesmatik.com\/?s={search_term_string}"},"query-input":{"@type":"PropertyValueSpecification","valueRequired":true,"valueName":"search_term_string"}}],"inLanguage":"fr-FR"},{"@type":"Organization","@id":"https:\/\/www.gesmatik.com\/#organization","name":"Gesmatik","url":"https:\/\/www.gesmatik.com\/","logo":{"@type":"ImageObject","inLanguage":"fr-FR","@id":"https:\/\/www.gesmatik.com\/#\/schema\/logo\/image\/","url":"https:\/\/www.gesmatik.com\/wp-content\/uploads\/2020\/11\/gesmatik-logo.png","contentUrl":"https:\/\/www.gesmatik.com\/wp-content\/uploads\/2020\/11\/gesmatik-logo.png","width":240,"height":42,"caption":"Gesmatik"},"image":{"@id":"https:\/\/www.gesmatik.com\/#\/schema\/logo\/image\/"}}]}},"_links":{"self":[{"href":"https:\/\/www.gesmatik.com\/fr\/wp-json\/wp\/v2\/pages\/242655","targetHints":{"allow":["GET"]}}],"collection":[{"href":"https:\/\/www.gesmatik.com\/fr\/wp-json\/wp\/v2\/pages"}],"about":[{"href":"https:\/\/www.gesmatik.com\/fr\/wp-json\/wp\/v2\/types\/page"}],"author":[{"embeddable":true,"href":"https:\/\/www.gesmatik.com\/fr\/wp-json\/wp\/v2\/users\/1"}],"replies":[{"embeddable":true,"href":"https:\/\/www.gesmatik.com\/fr\/wp-json\/wp\/v2\/comments?post=242655"}],"version-history":[{"count":9,"href":"https:\/\/www.gesmatik.com\/fr\/wp-json\/wp\/v2\/pages\/242655\/revisions"}],"predecessor-version":[{"id":244559,"href":"https:\/\/www.gesmatik.com\/fr\/wp-json\/wp\/v2\/pages\/242655\/revisions\/244559"}],"wp:attachment":[{"href":"https:\/\/www.gesmatik.com\/fr\/wp-json\/wp\/v2\/media?parent=242655"}],"curies":[{"name":"wp","href":"https:\/\/api.w.org\/{rel}","templated":true}]}}